{"id":16199,"date":"2025-07-02T15:08:25","date_gmt":"2025-07-02T21:08:25","guid":{"rendered":"https:\/\/capsuchitoto.org\/?page_id=16199"},"modified":"2025-08-13T14:55:46","modified_gmt":"2025-08-13T20:55:46","slug":"pasantias-investigaciones","status":"publish","type":"page","link":"https:\/\/capsuchitoto.org\/eng\/pasantias-investigaciones\/","title":{"rendered":"Pasant\u00edas e investigaciones"},"content":{"rendered":"<div data-elementor-type=\"wp-page\" data-elementor-id=\"16199\" class=\"elementor elementor-16199\">\n\t\t\t\t\t\t<section class=\"elementor-section elementor-top-section elementor-element elementor-element-3cd581b elementor-section-stretched elementor-section-height-min-height elementor-section-boxed elementor-section-height-default elementor-section-items-middle\" data-id=\"3cd581b\" data-element_type=\"section\" data-e-type=\"section\" data-settings=\"{&quot;stretch_section&quot;:&quot;section-stretched&quot;,&quot;background_background&quot;:&quot;classic&quot;}\">\n\t\t\t\t\t\t<div class=\"elementor-container elementor-column-gap-wider\">\n\t\t\t\t\t<div class=\"elementor-column elementor-col-50 elementor-top-column elementor-element elementor-element-98f981c\" data-id=\"98f981c\" data-element_type=\"column\" data-e-type=\"column\">\n\t\t\t<div class=\"elementor-widget-wrap elementor-element-populated\">\n\t\t\t\t\t\t<div class=\"elementor-element elementor-element-2cc5f25 elementor-widget elementor-widget-heading\" data-id=\"2cc5f25\" data-element_type=\"widget\" data-e-type=\"widget\" data-widget_type=\"heading.default\">\n\t\t\t\t\t<h2 class=\"elementor-heading-title elementor-size-default\">Pasant\u00edas e\ninvestigaci\u00f3n<\/h2>\t\t\t\t<\/div>\n\t\t\t\t\t<\/div>\n\t\t<\/div>\n\t\t\t\t<div class=\"elementor-column elementor-col-50 elementor-top-column elementor-element elementor-element-72a98ee\" data-id=\"72a98ee\" data-element_type=\"column\" data-e-type=\"column\">\n\t\t\t<div class=\"elementor-widget-wrap elementor-element-populated\">\n\t\t\t\t\t\t<div class=\"elementor-element elementor-element-584f443 elementor-widget elementor-widget-heading\" data-id=\"584f443\" data-element_type=\"widget\" data-e-type=\"widget\" data-widget_type=\"heading.default\">\n\t\t\t\t\t<h2 class=\"elementor-heading-title elementor-size-default\">Suma tu conocimiento y formaci\u00f3n a una causa transformadora<\/h2>\t\t\t\t<\/div>\n\t\t\t\t\t<\/div>\n\t\t<\/div>\n\t\t\t\t\t<\/div>\n\t\t<\/section>\n\t\t\t\t<section class=\"elementor-section elementor-top-section elementor-element elementor-element-1969e7d elementor-section-full_width elementor-section-height-min-height elementor-section-items-stretch elementor-section-content-middle elementor-section-height-default\" data-id=\"1969e7d\" data-element_type=\"section\" data-e-type=\"section\" data-settings=\"{&quot;background_background&quot;:&quot;classic&quot;}\">\n\t\t\t\t\t\t<div class=\"elementor-container elementor-column-gap-default\">\n\t\t\t\t\t<div class=\"elementor-column elementor-col-100 elementor-top-column elementor-element elementor-element-3e36eaa\" data-id=\"3e36eaa\" data-element_type=\"column\" data-e-type=\"column\">\n\t\t\t<div class=\"elementor-widget-wrap\">\n\t\t\t\t\t\t\t<\/div>\n\t\t<\/div>\n\t\t\t\t\t<\/div>\n\t\t<\/section>\n\t\t\t\t<section class=\"elementor-section elementor-top-section elementor-element elementor-element-c939280 elementor-section-boxed elementor-section-height-default elementor-section-height-default\" data-id=\"c939280\" data-element_type=\"section\" data-e-type=\"section\">\n\t\t\t\t\t\t<div class=\"elementor-container elementor-column-gap-default\">\n\t\t\t\t\t<div class=\"elementor-column elementor-col-100 elementor-top-column elementor-element elementor-element-9a21b08\" data-id=\"9a21b08\" data-element_type=\"column\" data-e-type=\"column\">\n\t\t\t<div class=\"elementor-widget-wrap elementor-element-populated\">\n\t\t\t\t\t\t<div class=\"elementor-element elementor-element-29f6423 elementor-widget elementor-widget-text-editor\" data-id=\"29f6423\" data-element_type=\"widget\" data-e-type=\"widget\" data-widget_type=\"text-editor.default\">\n\t\t\t\t\t\t\t\t\t<p data-start=\"767\" data-end=\"1060\">\u00bfEst\u00e1s buscando un lugar donde hacer tus horas sociales, pr\u00e1cticas universitarias o desarrollar una investigaci\u00f3n con impacto? El Centro Arte para la Paz abre sus puertas a estudiantes de El Salvador y del extranjero que quieran sumar su formaci\u00f3n a procesos culturales y comunitarios reales.\u00a0Creemos en el aprendizaje mutuo, en el conocimiento aplicado al cambio social y en la posibilidad de investigar con y desde la comunidad.<\/p>\t\t\t\t\t\t\t\t<\/div>\n\t\t\t\t\t<\/div>\n\t\t<\/div>\n\t\t\t\t\t<\/div>\n\t\t<\/section>\n\t\t\t\t<section class=\"elementor-section elementor-top-section elementor-element elementor-element-7bbe209 elementor-section-boxed elementor-section-height-default elementor-section-height-default\" data-id=\"7bbe209\" data-element_type=\"section\" data-e-type=\"section\">\n\t\t\t\t\t\t<div class=\"elementor-container elementor-column-gap-default\">\n\t\t\t\t\t<div class=\"elementor-column elementor-col-100 elementor-top-column elementor-element elementor-element-c88a52f\" data-id=\"c88a52f\" data-element_type=\"column\" data-e-type=\"column\">\n\t\t\t<div class=\"elementor-widget-wrap elementor-element-populated\">\n\t\t\t\t\t\t<div class=\"elementor-element elementor-element-3e486b6 elementor-widget elementor-widget-text-editor\" data-id=\"3e486b6\" data-element_type=\"widget\" data-e-type=\"widget\" data-widget_type=\"text-editor.default\">\n\t\t\t\t\t\t\t\t\t<h3>HORAS SOCIALES Y PASANT\u00cdAS<\/h3>\t\t\t\t\t\t\t\t<\/div>\n\t\t\t\t<div class=\"elementor-element elementor-element-914969e elementor-widget elementor-widget-text-editor\" data-id=\"914969e\" data-element_type=\"widget\" data-e-type=\"widget\" donar-elsalvador=\"\" data-widget_type=\"text-editor.default\">\n\t\t\t\t\t\t\t\t\t<p data-start=\"1249\" data-end=\"1372\">Si estudias una carrera t\u00e9cnica o universitaria, puedes hacer tus pasant\u00edas o servicio social en cualquiera de nuestras \u00e1reas:<\/p><p style=\"padding-left: 40px;\" data-start=\"1376\" data-end=\"1448\"><strong>Educaci\u00f3n art\u00edstica<\/strong> (m\u00fasica, danza, pl\u00e1stica, idiomas)<br \/><strong>Gesti\u00f3n cultural<\/strong> y comunicaci\u00f3n<br \/><strong>Trabajo comunitario<\/strong> y apoyo psicosocial<br \/><strong>Museolog\u00eda<\/strong>, <strong>archivo<\/strong> y memoria hist\u00f3rica<br \/><strong>Administraci\u00f3n<\/strong> y desarrollo organizacional<\/p><p data-start=\"1635\" data-end=\"1766\">Estas experiencias no solo cumplen un requisito acad\u00e9mico, sino que te permiten desarrollarte en un entorno de respeto, creatividad y compromiso social. Podr\u00e1s aplicar tus conocimientos, adquirir experiencia y contribuir directamente al fortalecimiento del tejido social de Suchitoto.<\/p>\t\t\t\t\t\t\t\t<\/div>\n\t\t\t\t\t<\/div>\n\t\t<\/div>\n\t\t\t\t\t<\/div>\n\t\t<\/section>\n\t\t\t\t<section class=\"elementor-section elementor-top-section elementor-element elementor-element-5d57724 elementor-section-boxed elementor-section-height-default elementor-section-height-default\" data-id=\"5d57724\" data-element_type=\"section\" data-e-type=\"section\">\n\t\t\t\t\t\t<div class=\"elementor-container elementor-column-gap-default\">\n\t\t\t\t\t<div class=\"elementor-column elementor-col-100 elementor-top-column elementor-element elementor-element-3ff4d8c\" data-id=\"3ff4d8c\" data-element_type=\"column\" data-e-type=\"column\">\n\t\t\t<div class=\"elementor-widget-wrap elementor-element-populated\">\n\t\t\t\t\t\t<div class=\"elementor-element elementor-element-c871555 elementor-widget elementor-widget-text-editor\" data-id=\"c871555\" data-element_type=\"widget\" data-e-type=\"widget\" data-widget_type=\"text-editor.default\">\n\t\t\t\t\t\t\t\t\t<h3>CAMPO PARA INVESTIGACIONES<\/h3>\t\t\t\t\t\t\t\t<\/div>\n\t\t\t\t<div class=\"elementor-element elementor-element-5bca83d elementor-widget elementor-widget-text-editor\" data-id=\"5bca83d\" data-element_type=\"widget\" data-e-type=\"widget\" data-widget_type=\"text-editor.default\">\n\t\t\t\t\t\t\t\t\t<p data-start=\"1808\" data-end=\"1969\">El Centro Arte para la Paz tambi\u00e9n puede funcionar como espacio de estudio para investigaciones acad\u00e9micas de grado, maestr\u00eda o doctorado, tanto nacionales como internacionales. Hasta ahora, se han desarrollado investigaciones sobre temas como:<\/p><p style=\"padding-left: 40px;\"><strong>Educaci\u00f3n art\u00edstica<\/strong> comunitaria<br \/><strong>Memoria hist\u00f3rica<\/strong> y construcci\u00f3n de ciudadan\u00eda<br \/><strong>Desarrollo local<\/strong> y juventud<br \/><strong>G\u00e9nero<\/strong>, <strong>salud mental<\/strong> y participaci\u00f3n social<\/p><p data-start=\"2238\" data-end=\"2394\">Para ello, es necesario coordinar previamente con la administraci\u00f3n del Centro y plantear una propuesta \u00e9tica, clara y con valor agregado para la comunidad. Si tu propuesta est\u00e1 alineada con nuestros principios y objetivos, podr\u00e1s contar con nuestro acompa\u00f1amiento y acceso a recursos como la mediateca, archivos hist\u00f3ricos y entrevistas en la comunidad.<\/p>\t\t\t\t\t\t\t\t<\/div>\n\t\t\t\t\t<\/div>\n\t\t<\/div>\n\t\t\t\t\t<\/div>\n\t\t<\/section>\n\t\t\t\t<section class=\"elementor-section elementor-top-section elementor-element elementor-element-95387ed elementor-section-boxed elementor-section-height-default elementor-section-height-default\" data-id=\"95387ed\" data-element_type=\"section\" data-e-type=\"section\">\n\t\t\t\t\t\t<div class=\"elementor-container elementor-column-gap-default\">\n\t\t\t\t\t<div class=\"elementor-column elementor-col-100 elementor-top-column elementor-element elementor-element-1fc10b0\" data-id=\"1fc10b0\" data-element_type=\"column\" data-e-type=\"column\">\n\t\t\t<div class=\"elementor-widget-wrap elementor-element-populated\">\n\t\t\t\t\t\t<div class=\"elementor-element elementor-element-4e7e8d8 elementor-widget elementor-widget-text-editor\" data-id=\"4e7e8d8\" data-element_type=\"widget\" data-e-type=\"widget\" data-widget_type=\"text-editor.default\">\n\t\t\t\t\t\t\t\t\t<h3>\u00bfC\u00d3MO APLICAR?<\/h3>\t\t\t\t\t\t\t\t<\/div>\n\t\t\t\t<div class=\"elementor-element elementor-element-11b78e8 elementor-widget elementor-widget-text-editor\" data-id=\"11b78e8\" data-element_type=\"widget\" data-e-type=\"widget\" data-widget_type=\"text-editor.default\">\n\t\t\t\t\t\t\t\t\t<p data-start=\"2415\" data-end=\"2509\">Puedes comunicarnos tu inter\u00e9s a trav\u00e9s de <span style=\"text-decoration: underline;\"><strong><a href=\"mailto:info.centroarteparalapaz@gmail.com\" target=\"_blank\" rel=\"noopener\">info.centroarteparalapaz@gmail.com<\/a><\/strong><\/span> o en el tel\u00e9fono<strong data-start=\"2491\" data-end=\"2509\"> +503 2335-1080 <\/strong>o el <strong data-start=\"2491\" data-end=\"2509\">+503 6936-6941.<\/strong><\/p><p data-start=\"2511\" data-end=\"2704\">Es importante indicar el <strong>\u00e1rea<\/strong> en la que quieres colaborar y el <strong>enfoque<\/strong> de tu investigaci\u00f3n, as\u00ed como los <strong>tiempos<\/strong> <strong>disponibles<\/strong>. El equipo del Centro evaluar\u00e1 cada propuesta y te guiar\u00e1 en el proceso.<\/p>\t\t\t\t\t\t\t\t<\/div>\n\t\t\t\t\t<\/div>\n\t\t<\/div>\n\t\t\t\t\t<\/div>\n\t\t<\/section>\n\t\t\t\t<section class=\"elementor-section elementor-top-section elementor-element elementor-element-8ccd6df elementor-section-boxed elementor-section-height-default elementor-section-height-default\" data-id=\"8ccd6df\" data-element_type=\"section\" data-e-type=\"section\">\n\t\t\t\t\t\t<div class=\"elementor-container elementor-column-gap-default\">\n\t\t\t\t\t<div class=\"elementor-column elementor-col-100 elementor-top-column elementor-element elementor-element-743ab0d\" data-id=\"743ab0d\" data-element_type=\"column\" data-e-type=\"column\">\n\t\t\t<div class=\"elementor-widget-wrap elementor-element-populated\">\n\t\t\t\t\t\t<div class=\"elementor-element elementor-element-8468ae0 elementor-widget elementor-widget-text-editor\" data-id=\"8468ae0\" data-element_type=\"widget\" data-e-type=\"widget\" data-widget_type=\"text-editor.default\">\n\t\t\t\t\t\t\t\t\t<p><em><strong>Sea cual sea la forma en la que nos prestes ayuda, te lo agradecemos. Gracias a tu generosidad y solidaridad conseguimos que cientos de j\u00f3venes y adultos en Suchitoto sigan aprendiendo y desarroll\u00e1ndose en nuestras instalaciones.<\/strong><\/em><\/p>\t\t\t\t\t\t\t\t<\/div>\n\t\t\t\t\t<\/div>\n\t\t<\/div>\n\t\t\t\t\t<\/div>\n\t\t<\/section>\n\t\t\t\t<\/div>","protected":false},"excerpt":{"rendered":"<p>Pasant\u00edas e investigaci\u00f3n Suma tu conocimiento y formaci\u00f3n a una&hellip;<\/p>\n<p> <a class=\"more-link\" href=\"https:\/\/capsuchitoto.org\/eng\/pasantias-investigaciones\/\">Read more<\/a><\/p>","protected":false},"author":1,"featured_media":14267,"parent":0,"menu_order":0,"comment_status":"closed","ping_status":"closed","template":"elementor_header_footer","meta":{"footnotes":""},"class_list":["post-16199","page","type-page","status-publish","has-post-thumbnail"],"yoast_head":"<!-- This site is optimized with the Yoast SEO plugin v27.4 - https:\/\/yoast.com\/product\/yoast-seo-wordpress\/ -->\n<title>Pasant\u00edas e investigaciones - Centro Arte para la Paz - Suchitoto<\/title>\n<meta name=\"description\" content=\"Realiza tus pasant\u00edas o tesis con impacto social en El Salvador. Apoya desde el arte, la cultura y la paz en el Centro Arte para la Paz.\" \/>\n<meta name=\"robots\" content=\"index, follow, max-snippet:-1, max-image-preview:large, max-video-preview:-1\" \/>\n<link rel=\"canonical\" href=\"https:\/\/capsuchitoto.org\/eng\/pasantias-investigaciones\/\" \/>\n<meta property=\"og:locale\" content=\"en_US\" \/>\n<meta property=\"og:type\" content=\"article\" \/>\n<meta property=\"og:title\" content=\"Pasant\u00edas e investigaciones - Centro Arte para la Paz - Suchitoto\" \/>\n<meta property=\"og:description\" content=\"Realiza tus pasant\u00edas o tesis con impacto social en El Salvador. Apoya desde el arte, la cultura y la paz en el Centro Arte para la Paz.\" \/>\n<meta property=\"og:url\" content=\"https:\/\/capsuchitoto.org\/eng\/pasantias-investigaciones\/\" \/>\n<meta property=\"og:site_name\" content=\"Centro Arte para la Paz - Suchitoto\" \/>\n<meta property=\"article:publisher\" content=\"https:\/\/www.facebook.com\/CentroArteparalaPaz\" \/>\n<meta property=\"article:modified_time\" content=\"2025-08-13T20:55:46+00:00\" \/>\n<meta property=\"og:image\" content=\"https:\/\/capsuchitoto.org\/wp-content\/uploads\/2023\/01\/childrensenglishclasskaren_CH141122_CAP-5-2-scaled.jpg\" \/>\n\t<meta property=\"og:image:width\" content=\"2560\" \/>\n\t<meta property=\"og:image:height\" content=\"1668\" \/>\n\t<meta property=\"og:image:type\" content=\"image\/jpeg\" \/>\n<meta name=\"twitter:card\" content=\"summary_large_image\" \/>\n<meta name=\"twitter:label1\" content=\"Est. reading time\" \/>\n\t<meta name=\"twitter:data1\" content=\"2 minutes\" \/>\n<script type=\"application\/ld+json\" class=\"yoast-schema-graph\">{\"@context\":\"https:\\\/\\\/schema.org\",\"@graph\":[{\"@type\":\"WebPage\",\"@id\":\"https:\\\/\\\/capsuchitoto.org\\\/pasantias-investigaciones\\\/\",\"url\":\"https:\\\/\\\/capsuchitoto.org\\\/pasantias-investigaciones\\\/\",\"name\":\"Pasant\u00edas e investigaciones - Centro Arte para la Paz - Suchitoto\",\"isPartOf\":{\"@id\":\"https:\\\/\\\/capsuchitoto.org\\\/#website\"},\"primaryImageOfPage\":{\"@id\":\"https:\\\/\\\/capsuchitoto.org\\\/pasantias-investigaciones\\\/#primaryimage\"},\"image\":{\"@id\":\"https:\\\/\\\/capsuchitoto.org\\\/pasantias-investigaciones\\\/#primaryimage\"},\"thumbnailUrl\":\"https:\\\/\\\/capsuchitoto.org\\\/wp-content\\\/uploads\\\/2023\\\/01\\\/childrensenglishclasskaren_CH141122_CAP-5-2-scaled.jpg\",\"datePublished\":\"2025-07-02T21:08:25+00:00\",\"dateModified\":\"2025-08-13T20:55:46+00:00\",\"description\":\"Realiza tus pasant\u00edas o tesis con impacto social en El Salvador. Apoya desde el arte, la cultura y la paz en el Centro Arte para la Paz.\",\"breadcrumb\":{\"@id\":\"https:\\\/\\\/capsuchitoto.org\\\/pasantias-investigaciones\\\/#breadcrumb\"},\"inLanguage\":\"en-US\",\"potentialAction\":[{\"@type\":\"ReadAction\",\"target\":[\"https:\\\/\\\/capsuchitoto.org\\\/pasantias-investigaciones\\\/\"]}]},{\"@type\":\"ImageObject\",\"inLanguage\":\"en-US\",\"@id\":\"https:\\\/\\\/capsuchitoto.org\\\/pasantias-investigaciones\\\/#primaryimage\",\"url\":\"https:\\\/\\\/capsuchitoto.org\\\/wp-content\\\/uploads\\\/2023\\\/01\\\/childrensenglishclasskaren_CH141122_CAP-5-2-scaled.jpg\",\"contentUrl\":\"https:\\\/\\\/capsuchitoto.org\\\/wp-content\\\/uploads\\\/2023\\\/01\\\/childrensenglishclasskaren_CH141122_CAP-5-2-scaled.jpg\",\"width\":2560,\"height\":1668,\"caption\":\"Pasant\u00edas-CentroArteparalaPaz-ClaseIngles-Suchitoto\"},{\"@type\":\"BreadcrumbList\",\"@id\":\"https:\\\/\\\/capsuchitoto.org\\\/pasantias-investigaciones\\\/#breadcrumb\",\"itemListElement\":[{\"@type\":\"ListItem\",\"position\":1,\"name\":\"Portada\",\"item\":\"https:\\\/\\\/capsuchitoto.org\\\/\"},{\"@type\":\"ListItem\",\"position\":2,\"name\":\"Pasant\u00edas e investigaciones\"}]},{\"@type\":\"WebSite\",\"@id\":\"https:\\\/\\\/capsuchitoto.org\\\/#website\",\"url\":\"https:\\\/\\\/capsuchitoto.org\\\/\",\"name\":\"Centro Arte para la Paz - Suchitoto\",\"description\":\"Promovemos la cultura de paz por medio de las artes\",\"publisher\":{\"@id\":\"https:\\\/\\\/capsuchitoto.org\\\/#organization\"},\"potentialAction\":[{\"@type\":\"SearchAction\",\"target\":{\"@type\":\"EntryPoint\",\"urlTemplate\":\"https:\\\/\\\/capsuchitoto.org\\\/?s={search_term_string}\"},\"query-input\":{\"@type\":\"PropertyValueSpecification\",\"valueRequired\":true,\"valueName\":\"search_term_string\"}}],\"inLanguage\":\"en-US\"},{\"@type\":\"Organization\",\"@id\":\"https:\\\/\\\/capsuchitoto.org\\\/#organization\",\"name\":\"Centro Arte para la Paz - Suchitoto\",\"url\":\"https:\\\/\\\/capsuchitoto.org\\\/\",\"logo\":{\"@type\":\"ImageObject\",\"inLanguage\":\"en-US\",\"@id\":\"https:\\\/\\\/capsuchitoto.org\\\/#\\\/schema\\\/logo\\\/image\\\/\",\"url\":\"https:\\\/\\\/capsuchitoto.org\\\/wp-content\\\/uploads\\\/2022\\\/10\\\/logoWEBleyendahorizontal.gif\",\"contentUrl\":\"https:\\\/\\\/capsuchitoto.org\\\/wp-content\\\/uploads\\\/2022\\\/10\\\/logoWEBleyendahorizontal.gif\",\"width\":518,\"height\":215,\"caption\":\"Centro Arte para la Paz - Suchitoto\"},\"image\":{\"@id\":\"https:\\\/\\\/capsuchitoto.org\\\/#\\\/schema\\\/logo\\\/image\\\/\"},\"sameAs\":[\"https:\\\/\\\/www.facebook.com\\\/CentroArteparalaPaz\",\"https:\\\/\\\/www.instagram.com\\\/centroarteparalapaz\\\/\",\"https:\\\/\\\/www.linkedin.com\\\/company\\\/centro-arte-para-paz\\\/posts\\\/?feedView=all\"]}]}<\/script>\n<!-- \/ Yoast SEO plugin. -->","yoast_head_json":{"title":"Pasant\u00edas e investigaciones - Centro Arte para la Paz - Suchitoto","description":"Realiza tus pasant\u00edas o tesis con impacto social en El Salvador. Apoya desde el arte, la cultura y la paz en el Centro Arte para la Paz.","robots":{"index":"index","follow":"follow","max-snippet":"max-snippet:-1","max-image-preview":"max-image-preview:large","max-video-preview":"max-video-preview:-1"},"canonical":"https:\/\/capsuchitoto.org\/eng\/pasantias-investigaciones\/","og_locale":"en_US","og_type":"article","og_title":"Pasant\u00edas e investigaciones - Centro Arte para la Paz - Suchitoto","og_description":"Realiza tus pasant\u00edas o tesis con impacto social en El Salvador. Apoya desde el arte, la cultura y la paz en el Centro Arte para la Paz.","og_url":"https:\/\/capsuchitoto.org\/eng\/pasantias-investigaciones\/","og_site_name":"Centro Arte para la Paz - Suchitoto","article_publisher":"https:\/\/www.facebook.com\/CentroArteparalaPaz","article_modified_time":"2025-08-13T20:55:46+00:00","og_image":[{"width":2560,"height":1668,"url":"https:\/\/capsuchitoto.org\/wp-content\/uploads\/2023\/01\/childrensenglishclasskaren_CH141122_CAP-5-2-scaled.jpg","type":"image\/jpeg"}],"twitter_card":"summary_large_image","twitter_misc":{"Est. reading time":"2 minutes"},"schema":{"@context":"https:\/\/schema.org","@graph":[{"@type":"WebPage","@id":"https:\/\/capsuchitoto.org\/pasantias-investigaciones\/","url":"https:\/\/capsuchitoto.org\/pasantias-investigaciones\/","name":"Pasant\u00edas e investigaciones - Centro Arte para la Paz - Suchitoto","isPartOf":{"@id":"https:\/\/capsuchitoto.org\/#website"},"primaryImageOfPage":{"@id":"https:\/\/capsuchitoto.org\/pasantias-investigaciones\/#primaryimage"},"image":{"@id":"https:\/\/capsuchitoto.org\/pasantias-investigaciones\/#primaryimage"},"thumbnailUrl":"https:\/\/capsuchitoto.org\/wp-content\/uploads\/2023\/01\/childrensenglishclasskaren_CH141122_CAP-5-2-scaled.jpg","datePublished":"2025-07-02T21:08:25+00:00","dateModified":"2025-08-13T20:55:46+00:00","description":"Realiza tus pasant\u00edas o tesis con impacto social en El Salvador. Apoya desde el arte, la cultura y la paz en el Centro Arte para la Paz.","breadcrumb":{"@id":"https:\/\/capsuchitoto.org\/pasantias-investigaciones\/#breadcrumb"},"inLanguage":"en-US","potentialAction":[{"@type":"ReadAction","target":["https:\/\/capsuchitoto.org\/pasantias-investigaciones\/"]}]},{"@type":"ImageObject","inLanguage":"en-US","@id":"https:\/\/capsuchitoto.org\/pasantias-investigaciones\/#primaryimage","url":"https:\/\/capsuchitoto.org\/wp-content\/uploads\/2023\/01\/childrensenglishclasskaren_CH141122_CAP-5-2-scaled.jpg","contentUrl":"https:\/\/capsuchitoto.org\/wp-content\/uploads\/2023\/01\/childrensenglishclasskaren_CH141122_CAP-5-2-scaled.jpg","width":2560,"height":1668,"caption":"Pasant\u00edas-CentroArteparalaPaz-ClaseIngles-Suchitoto"},{"@type":"BreadcrumbList","@id":"https:\/\/capsuchitoto.org\/pasantias-investigaciones\/#breadcrumb","itemListElement":[{"@type":"ListItem","position":1,"name":"Portada","item":"https:\/\/capsuchitoto.org\/"},{"@type":"ListItem","position":2,"name":"Pasant\u00edas e investigaciones"}]},{"@type":"WebSite","@id":"https:\/\/capsuchitoto.org\/#website","url":"https:\/\/capsuchitoto.org\/","name":"Centro Arte para la Paz - Suchitoto","description":"Promovemos la cultura de paz por medio de las artes","publisher":{"@id":"https:\/\/capsuchitoto.org\/#organization"},"potentialAction":[{"@type":"SearchAction","target":{"@type":"EntryPoint","urlTemplate":"https:\/\/capsuchitoto.org\/?s={search_term_string}"},"query-input":{"@type":"PropertyValueSpecification","valueRequired":true,"valueName":"search_term_string"}}],"inLanguage":"en-US"},{"@type":"Organization","@id":"https:\/\/capsuchitoto.org\/#organization","name":"Centro Arte para la Paz - Suchitoto","url":"https:\/\/capsuchitoto.org\/","logo":{"@type":"ImageObject","inLanguage":"en-US","@id":"https:\/\/capsuchitoto.org\/#\/schema\/logo\/image\/","url":"https:\/\/capsuchitoto.org\/wp-content\/uploads\/2022\/10\/logoWEBleyendahorizontal.gif","contentUrl":"https:\/\/capsuchitoto.org\/wp-content\/uploads\/2022\/10\/logoWEBleyendahorizontal.gif","width":518,"height":215,"caption":"Centro Arte para la Paz - Suchitoto"},"image":{"@id":"https:\/\/capsuchitoto.org\/#\/schema\/logo\/image\/"},"sameAs":["https:\/\/www.facebook.com\/CentroArteparalaPaz","https:\/\/www.instagram.com\/centroarteparalapaz\/","https:\/\/www.linkedin.com\/company\/centro-arte-para-paz\/posts\/?feedView=all"]}]}},"_links":{"self":[{"href":"https:\/\/capsuchitoto.org\/eng\/wp-json\/wp\/v2\/pages\/16199","targetHints":{"allow":["GET"]}}],"collection":[{"href":"https:\/\/capsuchitoto.org\/eng\/wp-json\/wp\/v2\/pages"}],"about":[{"href":"https:\/\/capsuchitoto.org\/eng\/wp-json\/wp\/v2\/types\/page"}],"author":[{"embeddable":true,"href":"https:\/\/capsuchitoto.org\/eng\/wp-json\/wp\/v2\/users\/1"}],"replies":[{"embeddable":true,"href":"https:\/\/capsuchitoto.org\/eng\/wp-json\/wp\/v2\/comments?post=16199"}],"version-history":[{"count":0,"href":"https:\/\/capsuchitoto.org\/eng\/wp-json\/wp\/v2\/pages\/16199\/revisions"}],"wp:featuredmedia":[{"embeddable":true,"href":"https:\/\/capsuchitoto.org\/eng\/wp-json\/wp\/v2\/media\/14267"}],"wp:attachment":[{"href":"https:\/\/capsuchitoto.org\/eng\/wp-json\/wp\/v2\/media?parent=16199"}],"curies":[{"name":"wp","href":"https:\/\/api.w.org\/{rel}","templated":true}]}}