{"id":16187,"date":"2025-07-02T15:05:01","date_gmt":"2025-07-02T21:05:01","guid":{"rendered":"https:\/\/capsuchitoto.org\/?page_id=16187"},"modified":"2025-07-02T16:41:00","modified_gmt":"2025-07-02T22:41:00","slug":"voluntariado","status":"publish","type":"page","link":"https:\/\/capsuchitoto.org\/eng\/voluntariado\/","title":{"rendered":"Voluntariado"},"content":{"rendered":"\t\t<div data-elementor-type=\"wp-page\" data-elementor-id=\"16187\" class=\"elementor elementor-16187\">\n\t\t\t\t\t\t<section class=\"elementor-section elementor-top-section elementor-element elementor-element-3cd581b elementor-section-stretched elementor-section-height-min-height elementor-section-boxed elementor-section-height-default elementor-section-items-middle\" data-id=\"3cd581b\" data-element_type=\"section\" data-e-type=\"section\" data-settings=\"{&quot;stretch_section&quot;:&quot;section-stretched&quot;,&quot;background_background&quot;:&quot;classic&quot;}\">\n\t\t\t\t\t\t<div class=\"elementor-container elementor-column-gap-wider\">\n\t\t\t\t\t<div class=\"elementor-column elementor-col-50 elementor-top-column elementor-element elementor-element-98f981c\" data-id=\"98f981c\" data-element_type=\"column\" data-e-type=\"column\">\n\t\t\t<div class=\"elementor-widget-wrap elementor-element-populated\">\n\t\t\t\t\t\t<div class=\"elementor-element elementor-element-2cc5f25 elementor-widget elementor-widget-heading\" data-id=\"2cc5f25\" data-element_type=\"widget\" data-e-type=\"widget\" data-widget_type=\"heading.default\">\n\t\t\t\t\t<h2 class=\"elementor-heading-title elementor-size-default\">Voluntariado<\/h2>\t\t\t\t<\/div>\n\t\t\t\t\t<\/div>\n\t\t<\/div>\n\t\t\t\t<div class=\"elementor-column elementor-col-50 elementor-top-column elementor-element elementor-element-72a98ee\" data-id=\"72a98ee\" data-element_type=\"column\" data-e-type=\"column\">\n\t\t\t<div class=\"elementor-widget-wrap elementor-element-populated\">\n\t\t\t\t\t\t<div class=\"elementor-element elementor-element-584f443 elementor-widget elementor-widget-heading\" data-id=\"584f443\" data-element_type=\"widget\" data-e-type=\"widget\" data-widget_type=\"heading.default\">\n\t\t\t\t\t<h1 class=\"elementor-heading-title elementor-size-default\">Transforma realidades desde el arte y la paz a trav\u00e9s del voluntariado<\/h1>\t\t\t\t<\/div>\n\t\t\t\t\t<\/div>\n\t\t<\/div>\n\t\t\t\t\t<\/div>\n\t\t<\/section>\n\t\t\t\t<section class=\"elementor-section elementor-top-section elementor-element elementor-element-1969e7d elementor-section-full_width elementor-section-height-min-height elementor-section-items-stretch elementor-section-content-middle elementor-section-height-default\" data-id=\"1969e7d\" data-element_type=\"section\" data-e-type=\"section\" data-settings=\"{&quot;background_background&quot;:&quot;classic&quot;}\">\n\t\t\t\t\t\t<div class=\"elementor-container elementor-column-gap-default\">\n\t\t\t\t\t<div class=\"elementor-column elementor-col-100 elementor-top-column elementor-element elementor-element-3e36eaa\" data-id=\"3e36eaa\" data-element_type=\"column\" data-e-type=\"column\">\n\t\t\t<div class=\"elementor-widget-wrap\">\n\t\t\t\t\t\t\t<\/div>\n\t\t<\/div>\n\t\t\t\t\t<\/div>\n\t\t<\/section>\n\t\t\t\t<section class=\"elementor-section elementor-top-section elementor-element elementor-element-c939280 elementor-section-boxed elementor-section-height-default elementor-section-height-default\" data-id=\"c939280\" data-element_type=\"section\" data-e-type=\"section\">\n\t\t\t\t\t\t<div class=\"elementor-container elementor-column-gap-default\">\n\t\t\t\t\t<div class=\"elementor-column elementor-col-100 elementor-top-column elementor-element elementor-element-9a21b08\" data-id=\"9a21b08\" data-element_type=\"column\" data-e-type=\"column\">\n\t\t\t<div class=\"elementor-widget-wrap elementor-element-populated\">\n\t\t\t\t\t\t<div class=\"elementor-element elementor-element-29f6423 elementor-widget elementor-widget-text-editor\" data-id=\"29f6423\" data-element_type=\"widget\" data-e-type=\"widget\" data-widget_type=\"text-editor.default\">\n\t\t\t\t\t\t\t\t\t<p data-start=\"767\" data-end=\"1024\">En el Centro Arte para la Paz creemos que el compromiso y la solidaridad pueden cambiar el mundo. Por eso, si quieres donar tu tiempo, tu talento y tu energ\u00eda para construir una sociedad m\u00e1s justa, te invitamos a unirte a nuestro programa de voluntariado.\u00a0<\/p><p data-start=\"767\" data-end=\"1024\">Cada persona voluntaria aporta una parte fundamental al proyecto: desde la gesti\u00f3n cultural hasta la atenci\u00f3n en espacios comunitarios, todas las manos son valiosas. Formar parte del equipo de voluntariado del Centro Arte es una experiencia transformadora, tanto para quienes reciben como para quienes entregan. Una forma de construir paz desde lo cotidiano.<\/p>\t\t\t\t\t\t\t\t<\/div>\n\t\t\t\t\t<\/div>\n\t\t<\/div>\n\t\t\t\t\t<\/div>\n\t\t<\/section>\n\t\t\t\t<section class=\"elementor-section elementor-top-section elementor-element elementor-element-dcb9583 elementor-section-boxed elementor-section-height-default elementor-section-height-default\" data-id=\"dcb9583\" data-element_type=\"section\" data-e-type=\"section\">\n\t\t\t\t\t\t<div class=\"elementor-container elementor-column-gap-default\">\n\t\t\t\t\t<div class=\"elementor-column elementor-col-100 elementor-top-column elementor-element elementor-element-fcee403\" data-id=\"fcee403\" data-element_type=\"column\" data-e-type=\"column\">\n\t\t\t<div class=\"elementor-widget-wrap elementor-element-populated\">\n\t\t\t\t\t\t<div class=\"elementor-element elementor-element-10c6546 elementor-widget elementor-widget-text-editor\" data-id=\"10c6546\" data-element_type=\"widget\" data-e-type=\"widget\" data-widget_type=\"text-editor.default\">\n\t\t\t\t\t\t\t\t\t<h3>\u00bfQUI\u00c9N PUEDE PARTICIPAR?<\/h3>\t\t\t\t\t\t\t\t<\/div>\n\t\t\t\t<div class=\"elementor-element elementor-element-ce94b24 elementor-widget elementor-widget-text-editor\" data-id=\"ce94b24\" data-element_type=\"widget\" data-e-type=\"widget\" donar-elsalvador=\"\" data-widget_type=\"text-editor.default\">\n\t\t\t\t\t\t\t\t\t<ul><li data-start=\"472\" data-end=\"511\"><span class=\"relative -mx-px my-[-0.2rem] rounded px-px py-[0.2rem] transition-colors duration-100 ease-in-out\">Personas <strong>nacionales<\/strong> y <strong>extranjeras<\/strong><\/span><\/li><li data-start=\"472\" data-end=\"511\"><span class=\"relative -mx-px my-[-0.2rem] rounded px-px py-[0.2rem] transition-colors duration-100 ease-in-out\"><strong>Estudiantes<\/strong>, <strong>profesionales<\/strong> y personas con diferentes habilidades<\/span><\/li><li data-start=\"472\" data-end=\"511\"><span class=\"relative -mx-px my-[-0.2rem] rounded px-px py-[0.2rem] transition-colors duration-100 ease-in-out\">Personas que <strong>desean comprometerse<\/strong> con una causa cultural y social<\/span><\/li><\/ul><p data-start=\"595\" data-end=\"670\"><span class=\"relative -mx-px my-[-0.2rem] rounded px-px py-[0.2rem] transition-colors duration-100 ease-in-out\">Todo el mundo puede colaborar con nosotros y toda ayuda es bienvenida.<\/span><\/p>\t\t\t\t\t\t\t\t<\/div>\n\t\t\t\t\t<\/div>\n\t\t<\/div>\n\t\t\t\t\t<\/div>\n\t\t<\/section>\n\t\t\t\t<section class=\"elementor-section elementor-top-section elementor-element elementor-element-7bbe209 elementor-section-boxed elementor-section-height-default elementor-section-height-default\" data-id=\"7bbe209\" data-element_type=\"section\" data-e-type=\"section\">\n\t\t\t\t\t\t<div class=\"elementor-container elementor-column-gap-default\">\n\t\t\t\t\t<div class=\"elementor-column elementor-col-100 elementor-top-column elementor-element elementor-element-c88a52f\" data-id=\"c88a52f\" data-element_type=\"column\" data-e-type=\"column\">\n\t\t\t<div class=\"elementor-widget-wrap elementor-element-populated\">\n\t\t\t\t\t\t<div class=\"elementor-element elementor-element-3e486b6 elementor-widget elementor-widget-text-editor\" data-id=\"3e486b6\" data-element_type=\"widget\" data-e-type=\"widget\" data-widget_type=\"text-editor.default\">\n\t\t\t\t\t\t\t\t\t<h3>\u00c1REAS DE VOLUNTARIADO DISPONIBLES<\/h3>\t\t\t\t\t\t\t\t<\/div>\n\t\t\t\t<div class=\"elementor-element elementor-element-914969e elementor-widget elementor-widget-text-editor\" data-id=\"914969e\" data-element_type=\"widget\" data-e-type=\"widget\" donar-elsalvador=\"\" data-widget_type=\"text-editor.default\">\n\t\t\t\t\t\t\t\t\t<p data-start=\"1236\" data-end=\"1364\">Contamos con distintas \u00e1reas donde puedes colaborar seg\u00fan tus intereses, habilidades o tiempo disponible:<\/p><p style=\"padding-left: 40px;\"><strong data-start=\"1368\" data-end=\"1381\">Mediateca<\/strong>: Apoyo en organizaci\u00f3n y clasificaci\u00f3n de datos, atenci\u00f3n al p\u00fablico o alfabetizaci\u00f3n digital.<br \/><strong data-start=\"1456\" data-end=\"1477\">Museo comunitario<\/strong>: Gu\u00eda, documentaci\u00f3n, dise\u00f1o de contenidos y educaci\u00f3n patrimonial.<br \/><strong data-start=\"1550\" data-end=\"1562\">Talleres<\/strong>: Asistencia en clases de m\u00fasica, arte o idiomas, o nuevos talleres.<br \/><strong data-start=\"1628\" data-end=\"1658\">Caf\u00e9 y Hostal Casa del Sol<\/strong>: Atenci\u00f3n, log\u00edstica o mejoras del espacio.<br \/><strong data-start=\"1707\" data-end=\"1725\">Administraci\u00f3n<\/strong>: Comunicaci\u00f3n, gesti\u00f3n de proyectos o atenci\u00f3n a visitantes.<\/p><p data-start=\"1802\" data-end=\"1960\">No importa si eres nacional o extranjero, si ya nos conoces o es tu primer acercamiento: todas las personas pueden aportar desde lo que saben y lo que son.<\/p>\t\t\t\t\t\t\t\t<\/div>\n\t\t\t\t\t<\/div>\n\t\t<\/div>\n\t\t\t\t\t<\/div>\n\t\t<\/section>\n\t\t\t\t<section class=\"elementor-section elementor-top-section elementor-element elementor-element-5d57724 elementor-section-boxed elementor-section-height-default elementor-section-height-default\" data-id=\"5d57724\" data-element_type=\"section\" data-e-type=\"section\">\n\t\t\t\t\t\t<div class=\"elementor-container elementor-column-gap-default\">\n\t\t\t\t\t<div class=\"elementor-column elementor-col-100 elementor-top-column elementor-element elementor-element-3ff4d8c\" data-id=\"3ff4d8c\" data-element_type=\"column\" data-e-type=\"column\">\n\t\t\t<div class=\"elementor-widget-wrap elementor-element-populated\">\n\t\t\t\t\t\t<div class=\"elementor-element elementor-element-c871555 elementor-widget elementor-widget-text-editor\" data-id=\"c871555\" data-element_type=\"widget\" data-e-type=\"widget\" data-widget_type=\"text-editor.default\">\n\t\t\t\t\t\t\t\t\t<h3>\u00bfC\u00d3MO APLICAR?<\/h3>\t\t\t\t\t\t\t\t<\/div>\n\t\t\t\t<div class=\"elementor-element elementor-element-5bca83d elementor-widget elementor-widget-text-editor\" data-id=\"5bca83d\" data-element_type=\"widget\" data-e-type=\"widget\" data-widget_type=\"text-editor.default\">\n\t\t\t\t\t\t\t\t\t<p data-start=\"2001\" data-end=\"2081\">Para sumarte como voluntario o voluntaria al Centro Arte para la Paz, necesitas:<\/p><ul data-start=\"2083\" data-end=\"2294\"><li data-start=\"2083\" data-end=\"2147\"><p data-start=\"2085\" data-end=\"2147\">Solicitar una <strong>entrevista<\/strong> o enviar una <strong>solicitud escrita<\/strong>,<\/p><\/li><li data-start=\"2083\" data-end=\"2147\"><p data-start=\"2085\" data-end=\"2147\">Indicar el <strong>\u00e1rea<\/strong> o las actividades que m\u00e1s te interesan,<\/p><\/li><li data-start=\"2208\" data-end=\"2294\"><p data-start=\"2210\" data-end=\"2294\">Estar comprometido con los valores de <strong>respeto<\/strong>, <strong>diversidad<\/strong>, <strong>empat\u00eda<\/strong> y <strong>cultura de paz<\/strong>.<\/p><\/li><\/ul><p data-start=\"2296\" data-end=\"2390\">Puedes comunicarnos tu inter\u00e9s a trav\u00e9s del correo electr\u00f3nico <a href=\"info@capsuchitoto.org\" target=\"_blank\" rel=\"noopener\"><span style=\"text-decoration: underline;\"><strong data-start=\"2341\" data-end=\"2366\">info@capsuchitoto.org<\/strong><\/span><\/a><span data-start=\"2372\" data-end=\"2390\"> o llamando al <\/span><strong data-start=\"2372\" data-end=\"2390\">+503 2335-1080<\/strong>.\u00a0Estaremos encantados de conversar contigo y encontrar juntas la mejor forma de sumar tu apoyo.<\/p>\t\t\t\t\t\t\t\t<\/div>\n\t\t\t\t\t<\/div>\n\t\t<\/div>\n\t\t\t\t\t<\/div>\n\t\t<\/section>\n\t\t\t\t<section class=\"elementor-section elementor-top-section elementor-element elementor-element-8ccd6df elementor-section-boxed elementor-section-height-default elementor-section-height-default\" data-id=\"8ccd6df\" data-element_type=\"section\" data-e-type=\"section\">\n\t\t\t\t\t\t<div class=\"elementor-container elementor-column-gap-default\">\n\t\t\t\t\t<div class=\"elementor-column elementor-col-100 elementor-top-column elementor-element elementor-element-743ab0d\" data-id=\"743ab0d\" data-element_type=\"column\" data-e-type=\"column\">\n\t\t\t<div class=\"elementor-widget-wrap elementor-element-populated\">\n\t\t\t\t\t\t<div class=\"elementor-element elementor-element-8468ae0 elementor-widget elementor-widget-text-editor\" data-id=\"8468ae0\" data-element_type=\"widget\" data-e-type=\"widget\" data-widget_type=\"text-editor.default\">\n\t\t\t\t\t\t\t\t\t<p><em><strong>Sea cual sea la forma en la que nos prestes ayuda, te lo agradecemos. Gracias a tu generosidad y solidaridad conseguimos que cientos de j\u00f3venes y adultos en Suchitoto sigan aprendiendo y desarroll\u00e1ndose en nuestras instalaciones.<\/strong><\/em><\/p>\t\t\t\t\t\t\t\t<\/div>\n\t\t\t\t\t<\/div>\n\t\t<\/div>\n\t\t\t\t\t<\/div>\n\t\t<\/section>\n\t\t\t\t<\/div>\n\t\t","protected":false},"excerpt":{"rendered":"<p>Voluntariado Transforma realidades desde el arte y la paz a&hellip;<\/p>\n<p> <a class=\"more-link\" href=\"https:\/\/capsuchitoto.org\/eng\/voluntariado\/\">Read more<\/a><\/p>","protected":false},"author":1,"featured_media":0,"parent":0,"menu_order":0,"comment_status":"closed","ping_status":"closed","template":"elementor_header_footer","meta":{"footnotes":""},"class_list":["post-16187","page","type-page","status-publish"],"yoast_head":"<!-- This site is optimized with the Yoast SEO plugin v27.4 - https:\/\/yoast.com\/product\/yoast-seo-wordpress\/ -->\n<title>Voluntariado - Centro Arte para la Paz - Suchitoto<\/title>\n<meta name=\"description\" content=\"S\u00famate al voluntariado del Centro Arte para la Paz y colabora en talleres, cultura y comunidad en Suchitoto. Todas las personas son bienvenidas\" \/>\n<meta name=\"robots\" content=\"index, follow, max-snippet:-1, max-image-preview:large, max-video-preview:-1\" \/>\n<link rel=\"canonical\" href=\"https:\/\/capsuchitoto.org\/eng\/voluntariado\/\" \/>\n<meta property=\"og:locale\" content=\"en_US\" \/>\n<meta property=\"og:type\" content=\"article\" \/>\n<meta property=\"og:title\" content=\"Voluntariado - Centro Arte para la Paz - Suchitoto\" \/>\n<meta property=\"og:description\" content=\"S\u00famate al voluntariado del Centro Arte para la Paz y colabora en talleres, cultura y comunidad en Suchitoto. Todas las personas son bienvenidas\" \/>\n<meta property=\"og:url\" content=\"https:\/\/capsuchitoto.org\/eng\/voluntariado\/\" \/>\n<meta property=\"og:site_name\" content=\"Centro Arte para la Paz - Suchitoto\" \/>\n<meta property=\"article:publisher\" content=\"https:\/\/www.facebook.com\/CentroArteparalaPaz\" \/>\n<meta property=\"article:modified_time\" content=\"2025-07-02T22:41:00+00:00\" \/>\n<meta name=\"twitter:card\" content=\"summary_large_image\" \/>\n<meta name=\"twitter:label1\" content=\"Est. reading time\" \/>\n\t<meta name=\"twitter:data1\" content=\"2 minutes\" \/>\n<script type=\"application\/ld+json\" class=\"yoast-schema-graph\">{\"@context\":\"https:\\\/\\\/schema.org\",\"@graph\":[{\"@type\":\"WebPage\",\"@id\":\"https:\\\/\\\/capsuchitoto.org\\\/voluntariado\\\/\",\"url\":\"https:\\\/\\\/capsuchitoto.org\\\/voluntariado\\\/\",\"name\":\"Voluntariado - Centro Arte para la Paz - Suchitoto\",\"isPartOf\":{\"@id\":\"https:\\\/\\\/capsuchitoto.org\\\/#website\"},\"datePublished\":\"2025-07-02T21:05:01+00:00\",\"dateModified\":\"2025-07-02T22:41:00+00:00\",\"description\":\"S\u00famate al voluntariado del Centro Arte para la Paz y colabora en talleres, cultura y comunidad en Suchitoto. Todas las personas son bienvenidas\",\"breadcrumb\":{\"@id\":\"https:\\\/\\\/capsuchitoto.org\\\/voluntariado\\\/#breadcrumb\"},\"inLanguage\":\"en-US\",\"potentialAction\":[{\"@type\":\"ReadAction\",\"target\":[\"https:\\\/\\\/capsuchitoto.org\\\/voluntariado\\\/\"]}]},{\"@type\":\"BreadcrumbList\",\"@id\":\"https:\\\/\\\/capsuchitoto.org\\\/voluntariado\\\/#breadcrumb\",\"itemListElement\":[{\"@type\":\"ListItem\",\"position\":1,\"name\":\"Portada\",\"item\":\"https:\\\/\\\/capsuchitoto.org\\\/\"},{\"@type\":\"ListItem\",\"position\":2,\"name\":\"Voluntariado\"}]},{\"@type\":\"WebSite\",\"@id\":\"https:\\\/\\\/capsuchitoto.org\\\/#website\",\"url\":\"https:\\\/\\\/capsuchitoto.org\\\/\",\"name\":\"Centro Arte para la Paz - Suchitoto\",\"description\":\"Promovemos la cultura de paz por medio de las artes\",\"publisher\":{\"@id\":\"https:\\\/\\\/capsuchitoto.org\\\/#organization\"},\"potentialAction\":[{\"@type\":\"SearchAction\",\"target\":{\"@type\":\"EntryPoint\",\"urlTemplate\":\"https:\\\/\\\/capsuchitoto.org\\\/?s={search_term_string}\"},\"query-input\":{\"@type\":\"PropertyValueSpecification\",\"valueRequired\":true,\"valueName\":\"search_term_string\"}}],\"inLanguage\":\"en-US\"},{\"@type\":\"Organization\",\"@id\":\"https:\\\/\\\/capsuchitoto.org\\\/#organization\",\"name\":\"Centro Arte para la Paz - Suchitoto\",\"url\":\"https:\\\/\\\/capsuchitoto.org\\\/\",\"logo\":{\"@type\":\"ImageObject\",\"inLanguage\":\"en-US\",\"@id\":\"https:\\\/\\\/capsuchitoto.org\\\/#\\\/schema\\\/logo\\\/image\\\/\",\"url\":\"https:\\\/\\\/capsuchitoto.org\\\/wp-content\\\/uploads\\\/2022\\\/10\\\/logoWEBleyendahorizontal.gif\",\"contentUrl\":\"https:\\\/\\\/capsuchitoto.org\\\/wp-content\\\/uploads\\\/2022\\\/10\\\/logoWEBleyendahorizontal.gif\",\"width\":518,\"height\":215,\"caption\":\"Centro Arte para la Paz - Suchitoto\"},\"image\":{\"@id\":\"https:\\\/\\\/capsuchitoto.org\\\/#\\\/schema\\\/logo\\\/image\\\/\"},\"sameAs\":[\"https:\\\/\\\/www.facebook.com\\\/CentroArteparalaPaz\",\"https:\\\/\\\/www.instagram.com\\\/centroarteparalapaz\\\/\",\"https:\\\/\\\/www.linkedin.com\\\/company\\\/centro-arte-para-paz\\\/posts\\\/?feedView=all\"]}]}<\/script>\n<!-- \/ Yoast SEO plugin. -->","yoast_head_json":{"title":"Voluntariado - Centro Arte para la Paz - Suchitoto","description":"S\u00famate al voluntariado del Centro Arte para la Paz y colabora en talleres, cultura y comunidad en Suchitoto. Todas las personas son bienvenidas","robots":{"index":"index","follow":"follow","max-snippet":"max-snippet:-1","max-image-preview":"max-image-preview:large","max-video-preview":"max-video-preview:-1"},"canonical":"https:\/\/capsuchitoto.org\/eng\/voluntariado\/","og_locale":"en_US","og_type":"article","og_title":"Voluntariado - Centro Arte para la Paz - Suchitoto","og_description":"S\u00famate al voluntariado del Centro Arte para la Paz y colabora en talleres, cultura y comunidad en Suchitoto. Todas las personas son bienvenidas","og_url":"https:\/\/capsuchitoto.org\/eng\/voluntariado\/","og_site_name":"Centro Arte para la Paz - Suchitoto","article_publisher":"https:\/\/www.facebook.com\/CentroArteparalaPaz","article_modified_time":"2025-07-02T22:41:00+00:00","twitter_card":"summary_large_image","twitter_misc":{"Est. reading time":"2 minutes"},"schema":{"@context":"https:\/\/schema.org","@graph":[{"@type":"WebPage","@id":"https:\/\/capsuchitoto.org\/voluntariado\/","url":"https:\/\/capsuchitoto.org\/voluntariado\/","name":"Voluntariado - Centro Arte para la Paz - Suchitoto","isPartOf":{"@id":"https:\/\/capsuchitoto.org\/#website"},"datePublished":"2025-07-02T21:05:01+00:00","dateModified":"2025-07-02T22:41:00+00:00","description":"S\u00famate al voluntariado del Centro Arte para la Paz y colabora en talleres, cultura y comunidad en Suchitoto. Todas las personas son bienvenidas","breadcrumb":{"@id":"https:\/\/capsuchitoto.org\/voluntariado\/#breadcrumb"},"inLanguage":"en-US","potentialAction":[{"@type":"ReadAction","target":["https:\/\/capsuchitoto.org\/voluntariado\/"]}]},{"@type":"BreadcrumbList","@id":"https:\/\/capsuchitoto.org\/voluntariado\/#breadcrumb","itemListElement":[{"@type":"ListItem","position":1,"name":"Portada","item":"https:\/\/capsuchitoto.org\/"},{"@type":"ListItem","position":2,"name":"Voluntariado"}]},{"@type":"WebSite","@id":"https:\/\/capsuchitoto.org\/#website","url":"https:\/\/capsuchitoto.org\/","name":"Centro Arte para la Paz - Suchitoto","description":"Promovemos la cultura de paz por medio de las artes","publisher":{"@id":"https:\/\/capsuchitoto.org\/#organization"},"potentialAction":[{"@type":"SearchAction","target":{"@type":"EntryPoint","urlTemplate":"https:\/\/capsuchitoto.org\/?s={search_term_string}"},"query-input":{"@type":"PropertyValueSpecification","valueRequired":true,"valueName":"search_term_string"}}],"inLanguage":"en-US"},{"@type":"Organization","@id":"https:\/\/capsuchitoto.org\/#organization","name":"Centro Arte para la Paz - Suchitoto","url":"https:\/\/capsuchitoto.org\/","logo":{"@type":"ImageObject","inLanguage":"en-US","@id":"https:\/\/capsuchitoto.org\/#\/schema\/logo\/image\/","url":"https:\/\/capsuchitoto.org\/wp-content\/uploads\/2022\/10\/logoWEBleyendahorizontal.gif","contentUrl":"https:\/\/capsuchitoto.org\/wp-content\/uploads\/2022\/10\/logoWEBleyendahorizontal.gif","width":518,"height":215,"caption":"Centro Arte para la Paz - Suchitoto"},"image":{"@id":"https:\/\/capsuchitoto.org\/#\/schema\/logo\/image\/"},"sameAs":["https:\/\/www.facebook.com\/CentroArteparalaPaz","https:\/\/www.instagram.com\/centroarteparalapaz\/","https:\/\/www.linkedin.com\/company\/centro-arte-para-paz\/posts\/?feedView=all"]}]}},"_links":{"self":[{"href":"https:\/\/capsuchitoto.org\/eng\/wp-json\/wp\/v2\/pages\/16187","targetHints":{"allow":["GET"]}}],"collection":[{"href":"https:\/\/capsuchitoto.org\/eng\/wp-json\/wp\/v2\/pages"}],"about":[{"href":"https:\/\/capsuchitoto.org\/eng\/wp-json\/wp\/v2\/types\/page"}],"author":[{"embeddable":true,"href":"https:\/\/capsuchitoto.org\/eng\/wp-json\/wp\/v2\/users\/1"}],"replies":[{"embeddable":true,"href":"https:\/\/capsuchitoto.org\/eng\/wp-json\/wp\/v2\/comments?post=16187"}],"version-history":[{"count":0,"href":"https:\/\/capsuchitoto.org\/eng\/wp-json\/wp\/v2\/pages\/16187\/revisions"}],"wp:attachment":[{"href":"https:\/\/capsuchitoto.org\/eng\/wp-json\/wp\/v2\/media?parent=16187"}],"curies":[{"name":"wp","href":"https:\/\/api.w.org\/{rel}","templated":true}]}}