{"id":16167,"date":"2025-07-02T15:05:28","date_gmt":"2025-07-02T21:05:28","guid":{"rendered":"https:\/\/capsuchitoto.org\/?page_id=16167"},"modified":"2025-09-12T10:55:42","modified_gmt":"2025-09-12T16:55:42","slug":"dona","status":"publish","type":"page","link":"https:\/\/capsuchitoto.org\/eng\/dona\/","title":{"rendered":"Dona y aporta a la cultura de paz"},"content":{"rendered":"\t\t<div data-elementor-type=\"wp-page\" data-elementor-id=\"16167\" class=\"elementor elementor-16167\">\n\t\t\t\t\t\t<section class=\"elementor-section elementor-top-section elementor-element elementor-element-3cd581b elementor-section-stretched elementor-section-height-min-height elementor-section-boxed elementor-section-height-default elementor-section-items-middle\" data-id=\"3cd581b\" data-element_type=\"section\" data-e-type=\"section\" data-settings=\"{&quot;stretch_section&quot;:&quot;section-stretched&quot;,&quot;background_background&quot;:&quot;classic&quot;}\">\n\t\t\t\t\t\t<div class=\"elementor-container elementor-column-gap-wider\">\n\t\t\t\t\t<div class=\"elementor-column elementor-col-50 elementor-top-column elementor-element elementor-element-98f981c\" data-id=\"98f981c\" data-element_type=\"column\" data-e-type=\"column\">\n\t\t\t<div class=\"elementor-widget-wrap elementor-element-populated\">\n\t\t\t\t\t\t<div class=\"elementor-element elementor-element-2cc5f25 elementor-widget elementor-widget-heading\" data-id=\"2cc5f25\" data-element_type=\"widget\" data-e-type=\"widget\" data-widget_type=\"heading.default\">\n\t\t\t\t\t<h2 class=\"elementor-heading-title elementor-size-default\">Donaciones<\/h2>\t\t\t\t<\/div>\n\t\t\t\t\t<\/div>\n\t\t<\/div>\n\t\t\t\t<div class=\"elementor-column elementor-col-50 elementor-top-column elementor-element elementor-element-72a98ee\" data-id=\"72a98ee\" data-element_type=\"column\" data-e-type=\"column\">\n\t\t\t<div class=\"elementor-widget-wrap elementor-element-populated\">\n\t\t\t\t\t\t<div class=\"elementor-element elementor-element-584f443 elementor-widget elementor-widget-heading\" data-id=\"584f443\" data-element_type=\"widget\" data-e-type=\"widget\" data-widget_type=\"heading.default\">\n\t\t\t\t\t<h1 class=\"elementor-heading-title elementor-size-default\">Dona, fortalece la cultura de paz y transforma vidas a trav\u00e9s del arte<\/h1>\t\t\t\t<\/div>\n\t\t\t\t\t<\/div>\n\t\t<\/div>\n\t\t\t\t\t<\/div>\n\t\t<\/section>\n\t\t\t\t<section class=\"elementor-section elementor-top-section elementor-element elementor-element-1969e7d elementor-section-full_width elementor-section-height-min-height elementor-section-items-stretch elementor-section-content-middle elementor-section-height-default\" data-id=\"1969e7d\" data-element_type=\"section\" data-e-type=\"section\" data-settings=\"{&quot;background_background&quot;:&quot;classic&quot;}\">\n\t\t\t\t\t\t<div class=\"elementor-container elementor-column-gap-default\">\n\t\t\t\t\t<div class=\"elementor-column elementor-col-100 elementor-top-column elementor-element elementor-element-3e36eaa\" data-id=\"3e36eaa\" data-element_type=\"column\" data-e-type=\"column\">\n\t\t\t<div class=\"elementor-widget-wrap\">\n\t\t\t\t\t\t\t<\/div>\n\t\t<\/div>\n\t\t\t\t\t<\/div>\n\t\t<\/section>\n\t\t\t\t<section class=\"elementor-section elementor-top-section elementor-element elementor-element-c939280 elementor-section-boxed elementor-section-height-default elementor-section-height-default\" data-id=\"c939280\" data-element_type=\"section\" data-e-type=\"section\">\n\t\t\t\t\t\t<div class=\"elementor-container elementor-column-gap-default\">\n\t\t\t\t\t<div class=\"elementor-column elementor-col-100 elementor-top-column elementor-element elementor-element-9a21b08\" data-id=\"9a21b08\" data-element_type=\"column\" data-e-type=\"column\">\n\t\t\t<div class=\"elementor-widget-wrap elementor-element-populated\">\n\t\t\t\t\t\t<div class=\"elementor-element elementor-element-29f6423 elementor-widget elementor-widget-text-editor\" data-id=\"29f6423\" data-element_type=\"widget\" data-e-type=\"widget\" data-widget_type=\"text-editor.default\">\n\t\t\t\t\t\t\t\t\t<p>Con tu donaci\u00f3n est\u00e1s ayudando a mantener vivo un espacio que promueve la educaci\u00f3n, la memoria hist\u00f3rica, la cultura y la convivencia pac\u00edfica en Suchitoto. Gracias a personas como t\u00fa, m\u00e1s de 1,000 ni\u00f1as, ni\u00f1os, j\u00f3venes y personas adultas participan cada a\u00f1o en nuestros talleres gratuitos, y miles m\u00e1s se benefician indirectamente en la comunidad.<\/p>\t\t\t\t\t\t\t\t<\/div>\n\t\t\t\t\t<\/div>\n\t\t<\/div>\n\t\t\t\t\t<\/div>\n\t\t<\/section>\n\t\t\t\t<section class=\"elementor-section elementor-top-section elementor-element elementor-element-7bbe209 elementor-section-boxed elementor-section-height-default elementor-section-height-default\" data-id=\"7bbe209\" data-element_type=\"section\" data-e-type=\"section\">\n\t\t\t\t\t\t<div class=\"elementor-container elementor-column-gap-default\">\n\t\t\t\t\t<div class=\"elementor-column elementor-col-100 elementor-top-column elementor-element elementor-element-c88a52f\" data-id=\"c88a52f\" data-element_type=\"column\" data-e-type=\"column\">\n\t\t\t<div class=\"elementor-widget-wrap elementor-element-populated\">\n\t\t\t\t\t\t<div class=\"elementor-element elementor-element-3e486b6 elementor-widget elementor-widget-text-editor\" data-id=\"3e486b6\" data-element_type=\"widget\" data-e-type=\"widget\" donar-elsalvador=\"\" data-widget_type=\"text-editor.default\">\n\t\t\t\t\t\t\t\t\t<h3>DONAR DESDE EL SALVADOR<\/h3>\t\t\t\t\t\t\t\t<\/div>\n\t\t\t\t<div class=\"elementor-element elementor-element-914969e elementor-widget elementor-widget-text-editor\" data-id=\"914969e\" data-element_type=\"widget\" data-e-type=\"widget\" data-widget_type=\"text-editor.default\">\n\t\t\t\t\t\t\t\t\t<p data-start=\"1092\" data-end=\"1205\">Si vives en El Salvador, puedes hacer tu donaci\u00f3n de forma directa a trav\u00e9s del <strong data-start=\"1171\" data-end=\"1191\">Banco Davivienda<\/strong>, a nombre de:<\/p><p data-start=\"1207\" data-end=\"1304\">Titular: <strong data-start=\"1207\" data-end=\"1265\">Asociaci\u00f3n de Desarrollo Local Centro Arte para La Paz<\/strong><br data-start=\"1265\" data-end=\"1268\" \/>N\u00famero de cuenta: <strong>051540160115<\/strong><\/p><p data-start=\"1306\" data-end=\"1377\">Tambi\u00e9n puedes emitir un cheque a nombre de <strong data-start=\"1349\" data-end=\"1376\">Centro Arte para la Paz<\/strong>.<\/p><p data-start=\"1379\" data-end=\"1657\">Adem\u00e1s de apoyar una causa social y cultural, tu donaci\u00f3n puede ser <strong>deducible del impuesto sobre la renta<\/strong>, siempre que cumplas con los <span style=\"text-decoration: underline;\"><strong><a href=\"https:\/\/www.reddecontadores.com\/wp-content\/uploads\/2021\/02\/Boletin-08-2020-Donaciones-1.pdf\" target=\"_blank\" rel=\"noopener\">requisitos establecidos<\/a><\/strong><\/span> por el Ministerio de Hacienda. Otorgamos un comprobante de donaci\u00f3n que te recomendamos guardar. Consulta con tu asesor fiscal c\u00f3mo tu aporte puede contribuir a disminuir tu pago anual del impuesto sobre la renta.<\/p><p data-start=\"1379\" data-end=\"1657\">Para m\u00e1s informaci\u00f3n contacta con la persona encargada:<br \/>Tel\u00e9fono: <strong>+503 6936-6941<br \/><\/strong>Email:<strong> contabilidadcap660@gmail.com<\/strong><\/p>\t\t\t\t\t\t\t\t<\/div>\n\t\t\t\t<div class=\"elementor-element elementor-element-a30a6a4 elementor-widget elementor-widget-button\" data-id=\"a30a6a4\" data-element_type=\"widget\" data-e-type=\"widget\" data-widget_type=\"button.default\">\n\t\t\t\t\t\t\t\t\t\t<a class=\"elementor-button elementor-button-link elementor-size-sm elementor-animation-shrink\" href=\"https:\/\/wa.me\/50369366941\" target=\"_blank\">\n\t\t\t\t\t\t<span class=\"elementor-button-content-wrapper\">\n\t\t\t\t\t\t\t\t\t<span class=\"elementor-button-text\">Cons\u00faltanos a trav\u00e9s de WhatsApp  <\/span>\n\t\t\t\t\t<\/span>\n\t\t\t\t\t<\/a>\n\t\t\t\t\t\t\t\t<\/div>\n\t\t\t\t\t<\/div>\n\t\t<\/div>\n\t\t\t\t\t<\/div>\n\t\t<\/section>\n\t\t\t\t<section class=\"elementor-section elementor-top-section elementor-element elementor-element-5d57724 elementor-section-boxed elementor-section-height-default elementor-section-height-default\" data-id=\"5d57724\" data-element_type=\"section\" data-e-type=\"section\">\n\t\t\t\t\t\t<div class=\"elementor-container elementor-column-gap-default\">\n\t\t\t\t\t<div class=\"elementor-column elementor-col-100 elementor-top-column elementor-element elementor-element-3ff4d8c\" data-id=\"3ff4d8c\" data-element_type=\"column\" data-e-type=\"column\">\n\t\t\t<div class=\"elementor-widget-wrap elementor-element-populated\">\n\t\t\t\t\t\t<div class=\"elementor-element elementor-element-c871555 elementor-widget elementor-widget-text-editor\" data-id=\"c871555\" data-element_type=\"widget\" data-e-type=\"widget\" data-widget_type=\"text-editor.default\">\n\t\t\t\t\t\t\t\t\t<h3>DONAR DESDE EL extranjero<\/h3>\t\t\t\t\t\t\t\t<\/div>\n\t\t\t\t<div class=\"elementor-element elementor-element-5bca83d elementor-widget elementor-widget-text-editor\" data-id=\"5bca83d\" data-element_type=\"widget\" data-e-type=\"widget\" data-widget_type=\"text-editor.default\">\n\t\t\t\t\t\t\t\t\t<p data-start=\"1710\" data-end=\"2003\">Si est\u00e1s en el extranjero, tambi\u00e9n puedes hacer tu aporte:<\/p><ol><li data-start=\"1710\" data-end=\"2003\">Por <strong>transferencia internacional<\/strong> a nuestra cuenta en Banco Davivienda (ver <span style=\"text-decoration: underline;\"><strong><a href=\"#donar-elsalvador\" rel=\"noopener\">apartado anterior<\/a><\/strong><\/span>).<br \/><span style=\"color: #ffffff;\">.<\/span>\u00a0<\/li><li data-start=\"1710\" data-end=\"2003\">A trav\u00e9s de las <strong data-start=\"1775\" data-end=\"1801\">Hermanas de la Caridad<\/strong>, con quienes tenemos un fuerte v\u00ednculo desde nuestros or\u00edgenes. Si utilizas este m\u00e9todo, tus donaciones son <strong data-start=\"1885\" data-end=\"1930\">deducibles de impuestos en Estados Unidos<\/strong>, ya que la congregaci\u00f3n est\u00e1 registrada como una organizaci\u00f3n 501(c)(3).<\/li><\/ol><p style=\"padding-left: 40px;\" data-start=\"2005\" data-end=\"2151\">Puedes enviar tu contribuci\u00f3n por correo a:<br data-start=\"2047\" data-end=\"2050\" \/><strong data-start=\"2050\" data-end=\"2086\">Sisters of Charity \/ El Salvador<\/strong><br data-start=\"2086\" data-end=\"2089\" \/>Seton House #202, BOX 476<br data-start=\"2114\" data-end=\"2117\" \/>Convent Station, N.J. 07961-0476<\/p><p style=\"padding-left: 40px;\" data-start=\"2153\" data-end=\"2406\">O hacerla en l\u00ednea, de forma segura, a trav\u00e9s de este enlace:<br data-start=\"2214\" data-end=\"2217\" \/><span style=\"text-decoration: underline;\"><strong><a class=\"\" href=\"https:\/\/fundraise.givesmart.com\/form\/tnJJ8Q?vid=wncnu\" target=\"_new\" rel=\"noopener\" data-start=\"2217\" data-end=\"2327\">https:\/\/fundraise.givesmart.com\/form\/tnJJ8Q?vid=wncnu<\/a><\/strong><\/span><br data-start=\"2327\" data-end=\"2330\" \/>Solo tienes que seleccionar \u201c<strong data-start=\"2358\" data-end=\"2382\">El Salvador Ministry<\/strong>\u201d y completar tus datos.<\/p>\t\t\t\t\t\t\t\t<\/div>\n\t\t\t\t<div class=\"elementor-element elementor-element-1c40001 elementor-widget elementor-widget-button\" data-id=\"1c40001\" data-element_type=\"widget\" data-e-type=\"widget\" data-widget_type=\"button.default\">\n\t\t\t\t\t\t\t\t\t\t<a class=\"elementor-button elementor-button-link elementor-size-sm elementor-animation-shrink\" href=\"https:\/\/fundraise.givesmart.com\/form\/tnJJ8Q?vid=wncnu\" target=\"_blank\">\n\t\t\t\t\t\t<span class=\"elementor-button-content-wrapper\">\n\t\t\t\t\t\t\t\t\t<span class=\"elementor-button-text\">Accede para donar a trav\u00e9s de las Hermanas de la Caridad<\/span>\n\t\t\t\t\t<\/span>\n\t\t\t\t\t<\/a>\n\t\t\t\t\t\t\t\t<\/div>\n\t\t\t\t\t<\/div>\n\t\t<\/div>\n\t\t\t\t\t<\/div>\n\t\t<\/section>\n\t\t\t\t<section class=\"elementor-section elementor-top-section elementor-element elementor-element-95387ed elementor-section-boxed elementor-section-height-default elementor-section-height-default\" data-id=\"95387ed\" data-element_type=\"section\" data-e-type=\"section\">\n\t\t\t\t\t\t<div class=\"elementor-container elementor-column-gap-default\">\n\t\t\t\t\t<div class=\"elementor-column elementor-col-100 elementor-top-column elementor-element elementor-element-1fc10b0\" data-id=\"1fc10b0\" data-element_type=\"column\" data-e-type=\"column\">\n\t\t\t<div class=\"elementor-widget-wrap elementor-element-populated\">\n\t\t\t\t\t\t<div class=\"elementor-element elementor-element-4e7e8d8 elementor-widget elementor-widget-text-editor\" data-id=\"4e7e8d8\" data-element_type=\"widget\" data-e-type=\"widget\" data-widget_type=\"text-editor.default\">\n\t\t\t\t\t\t\t\t\t<h3>\u00bfPOR QU\u00c9 DONAR AL CENTRO ARTE PARA LA PAZ?<\/h3>\t\t\t\t\t\t\t\t<\/div>\n\t\t\t\t<div class=\"elementor-element elementor-element-11b78e8 elementor-widget elementor-widget-text-editor\" data-id=\"11b78e8\" data-element_type=\"widget\" data-e-type=\"widget\" data-widget_type=\"text-editor.default\">\n\t\t\t\t\t\t\t\t\t<p data-start=\"2455\" data-end=\"2702\">Porque crees en una <strong>sociedad m\u00e1s justa<\/strong>. <br \/>Porque conf\u00edas en <strong>el poder del arte y la educaci\u00f3n<\/strong> como herramientas de transformaci\u00f3n social. <br \/>Porque sabes que tu ayuda puede <strong>construir un futuro con m\u00e1s oportunidades<\/strong>, creatividad y paz para todas y todos.<\/p><p data-start=\"2704\" data-end=\"2906\">Donar es una forma de sumarte a una comunidad que, desde hace 20 a\u00f1os, promueve la cultura de paz en El Salvador. Cada aporte, grande o peque\u00f1o, se convierte en una semilla de esperanza. Adem\u00e1s, tienes <strong>beneficios fiscales<\/strong>:<span class=\"relative -mx-px my-[-0.2rem] rounded px-px py-[0.2rem] transition-colors duration-100 ease-in-out\"> las donaciones a organizaciones sin fines de lucro en El Salvador son deducibles hasta el 10% de los ingresos sujetos a declaraci\u00f3n seg\u00fan la Ley de Incentivos Fiscales. Conserva tu comprobante para aplicarlo en tu declaraci\u00f3n anual.<\/span><\/p><p data-start=\"2704\" data-end=\"2906\">\u00bfTienes dudas? Escr\u00edbenos a <span style=\"text-decoration: underline;\"><strong><a href=\"mailto:info.centroarteparalapaz@gmail.com\" target=\"_blank\" rel=\"noopener\">info.centroarteparalapaz@gmail.com<\/a><\/strong><\/span> o ll\u00e1manos al <strong data-start=\"3013\" data-end=\"3031\">+503 2335-1080 <\/strong>o al<strong data-start=\"3013\" data-end=\"3031\"> +503 6936-6941<\/strong>. Estaremos encantados de ayudarte a hacer realidad tu aporte.<\/p>\t\t\t\t\t\t\t\t<\/div>\n\t\t\t\t\t<\/div>\n\t\t<\/div>\n\t\t\t\t\t<\/div>\n\t\t<\/section>\n\t\t\t\t<section class=\"elementor-section elementor-top-section elementor-element elementor-element-8ccd6df elementor-section-boxed elementor-section-height-default elementor-section-height-default\" data-id=\"8ccd6df\" data-element_type=\"section\" data-e-type=\"section\">\n\t\t\t\t\t\t<div class=\"elementor-container elementor-column-gap-default\">\n\t\t\t\t\t<div class=\"elementor-column elementor-col-100 elementor-top-column elementor-element elementor-element-743ab0d\" data-id=\"743ab0d\" data-element_type=\"column\" data-e-type=\"column\">\n\t\t\t<div class=\"elementor-widget-wrap elementor-element-populated\">\n\t\t\t\t\t\t<div class=\"elementor-element elementor-element-8468ae0 elementor-widget elementor-widget-text-editor\" data-id=\"8468ae0\" data-element_type=\"widget\" data-e-type=\"widget\" data-widget_type=\"text-editor.default\">\n\t\t\t\t\t\t\t\t\t<p><em><strong>Sea cual sea la forma en la que nos prestes ayuda, te lo agradecemos. Gracias a tu generosidad y solidaridad conseguimos que cientos de j\u00f3venes y adultos en Suchitoto sigan aprendiendo y desarroll\u00e1ndose en nuestras instalaciones.<\/strong><\/em><\/p>\t\t\t\t\t\t\t\t<\/div>\n\t\t\t\t\t<\/div>\n\t\t<\/div>\n\t\t\t\t\t<\/div>\n\t\t<\/section>\n\t\t\t\t<\/div>\n\t\t","protected":false},"excerpt":{"rendered":"<p>Donaciones Dona, fortalece la cultura de paz y transforma vidas&hellip;<\/p>\n<p> <a class=\"more-link\" href=\"https:\/\/capsuchitoto.org\/eng\/dona\/\">Read more<\/a><\/p>","protected":false},"author":1,"featured_media":0,"parent":0,"menu_order":0,"comment_status":"closed","ping_status":"closed","template":"elementor_header_footer","meta":{"footnotes":""},"class_list":["post-16167","page","type-page","status-publish"],"yoast_head":"<!-- This site is optimized with the Yoast SEO plugin v27.4 - https:\/\/yoast.com\/product\/yoast-seo-wordpress\/ -->\n<title>Dona y aporta a la cultura de paz - Centro Arte para la Paz - Suchitoto<\/title>\n<meta name=\"description\" content=\"Apoya programas art\u00edsticos y cultura de paz en Suchitoto. Dona al Centro Arte desde El Salvador o extranjero: deduce impuestos y transforma vidas\" \/>\n<meta name=\"robots\" content=\"index, follow, max-snippet:-1, max-image-preview:large, max-video-preview:-1\" \/>\n<link rel=\"canonical\" href=\"https:\/\/capsuchitoto.org\/eng\/dona\/\" \/>\n<meta property=\"og:locale\" content=\"en_US\" \/>\n<meta property=\"og:type\" content=\"article\" \/>\n<meta property=\"og:title\" content=\"Dona y aporta a la cultura de paz - Centro Arte para la Paz - Suchitoto\" \/>\n<meta property=\"og:description\" content=\"Apoya programas art\u00edsticos y cultura de paz en Suchitoto. Dona al Centro Arte desde El Salvador o extranjero: deduce impuestos y transforma vidas\" \/>\n<meta property=\"og:url\" content=\"https:\/\/capsuchitoto.org\/eng\/dona\/\" \/>\n<meta property=\"og:site_name\" content=\"Centro Arte para la Paz - Suchitoto\" \/>\n<meta property=\"article:publisher\" content=\"https:\/\/www.facebook.com\/CentroArteparalaPaz\" \/>\n<meta property=\"article:modified_time\" content=\"2025-09-12T16:55:42+00:00\" \/>\n<meta name=\"twitter:card\" content=\"summary_large_image\" \/>\n<meta name=\"twitter:label1\" content=\"Est. reading time\" \/>\n\t<meta name=\"twitter:data1\" content=\"3 minutes\" \/>\n<script type=\"application\/ld+json\" class=\"yoast-schema-graph\">{\"@context\":\"https:\\\/\\\/schema.org\",\"@graph\":[{\"@type\":\"WebPage\",\"@id\":\"https:\\\/\\\/capsuchitoto.org\\\/dona\\\/\",\"url\":\"https:\\\/\\\/capsuchitoto.org\\\/dona\\\/\",\"name\":\"Dona y aporta a la cultura de paz - Centro Arte para la Paz - Suchitoto\",\"isPartOf\":{\"@id\":\"https:\\\/\\\/capsuchitoto.org\\\/#website\"},\"datePublished\":\"2025-07-02T21:05:28+00:00\",\"dateModified\":\"2025-09-12T16:55:42+00:00\",\"description\":\"Apoya programas art\u00edsticos y cultura de paz en Suchitoto. Dona al Centro Arte desde El Salvador o extranjero: deduce impuestos y transforma vidas\",\"breadcrumb\":{\"@id\":\"https:\\\/\\\/capsuchitoto.org\\\/dona\\\/#breadcrumb\"},\"inLanguage\":\"en-US\",\"potentialAction\":[{\"@type\":\"ReadAction\",\"target\":[\"https:\\\/\\\/capsuchitoto.org\\\/dona\\\/\"]}]},{\"@type\":\"BreadcrumbList\",\"@id\":\"https:\\\/\\\/capsuchitoto.org\\\/dona\\\/#breadcrumb\",\"itemListElement\":[{\"@type\":\"ListItem\",\"position\":1,\"name\":\"Portada\",\"item\":\"https:\\\/\\\/capsuchitoto.org\\\/\"},{\"@type\":\"ListItem\",\"position\":2,\"name\":\"Dona y aporta a la cultura de paz\"}]},{\"@type\":\"WebSite\",\"@id\":\"https:\\\/\\\/capsuchitoto.org\\\/#website\",\"url\":\"https:\\\/\\\/capsuchitoto.org\\\/\",\"name\":\"Centro Arte para la Paz - Suchitoto\",\"description\":\"Promovemos la cultura de paz por medio de las artes\",\"publisher\":{\"@id\":\"https:\\\/\\\/capsuchitoto.org\\\/#organization\"},\"potentialAction\":[{\"@type\":\"SearchAction\",\"target\":{\"@type\":\"EntryPoint\",\"urlTemplate\":\"https:\\\/\\\/capsuchitoto.org\\\/?s={search_term_string}\"},\"query-input\":{\"@type\":\"PropertyValueSpecification\",\"valueRequired\":true,\"valueName\":\"search_term_string\"}}],\"inLanguage\":\"en-US\"},{\"@type\":\"Organization\",\"@id\":\"https:\\\/\\\/capsuchitoto.org\\\/#organization\",\"name\":\"Centro Arte para la Paz - Suchitoto\",\"url\":\"https:\\\/\\\/capsuchitoto.org\\\/\",\"logo\":{\"@type\":\"ImageObject\",\"inLanguage\":\"en-US\",\"@id\":\"https:\\\/\\\/capsuchitoto.org\\\/#\\\/schema\\\/logo\\\/image\\\/\",\"url\":\"https:\\\/\\\/capsuchitoto.org\\\/wp-content\\\/uploads\\\/2022\\\/10\\\/logoWEBleyendahorizontal.gif\",\"contentUrl\":\"https:\\\/\\\/capsuchitoto.org\\\/wp-content\\\/uploads\\\/2022\\\/10\\\/logoWEBleyendahorizontal.gif\",\"width\":518,\"height\":215,\"caption\":\"Centro Arte para la Paz - Suchitoto\"},\"image\":{\"@id\":\"https:\\\/\\\/capsuchitoto.org\\\/#\\\/schema\\\/logo\\\/image\\\/\"},\"sameAs\":[\"https:\\\/\\\/www.facebook.com\\\/CentroArteparalaPaz\",\"https:\\\/\\\/www.instagram.com\\\/centroarteparalapaz\\\/\",\"https:\\\/\\\/www.linkedin.com\\\/company\\\/centro-arte-para-paz\\\/posts\\\/?feedView=all\"]}]}<\/script>\n<!-- \/ Yoast SEO plugin. -->","yoast_head_json":{"title":"Dona y aporta a la cultura de paz - Centro Arte para la Paz - Suchitoto","description":"Apoya programas art\u00edsticos y cultura de paz en Suchitoto. Dona al Centro Arte desde El Salvador o extranjero: deduce impuestos y transforma vidas","robots":{"index":"index","follow":"follow","max-snippet":"max-snippet:-1","max-image-preview":"max-image-preview:large","max-video-preview":"max-video-preview:-1"},"canonical":"https:\/\/capsuchitoto.org\/eng\/dona\/","og_locale":"en_US","og_type":"article","og_title":"Dona y aporta a la cultura de paz - Centro Arte para la Paz - Suchitoto","og_description":"Apoya programas art\u00edsticos y cultura de paz en Suchitoto. Dona al Centro Arte desde El Salvador o extranjero: deduce impuestos y transforma vidas","og_url":"https:\/\/capsuchitoto.org\/eng\/dona\/","og_site_name":"Centro Arte para la Paz - Suchitoto","article_publisher":"https:\/\/www.facebook.com\/CentroArteparalaPaz","article_modified_time":"2025-09-12T16:55:42+00:00","twitter_card":"summary_large_image","twitter_misc":{"Est. reading time":"3 minutes"},"schema":{"@context":"https:\/\/schema.org","@graph":[{"@type":"WebPage","@id":"https:\/\/capsuchitoto.org\/dona\/","url":"https:\/\/capsuchitoto.org\/dona\/","name":"Dona y aporta a la cultura de paz - Centro Arte para la Paz - Suchitoto","isPartOf":{"@id":"https:\/\/capsuchitoto.org\/#website"},"datePublished":"2025-07-02T21:05:28+00:00","dateModified":"2025-09-12T16:55:42+00:00","description":"Apoya programas art\u00edsticos y cultura de paz en Suchitoto. Dona al Centro Arte desde El Salvador o extranjero: deduce impuestos y transforma vidas","breadcrumb":{"@id":"https:\/\/capsuchitoto.org\/dona\/#breadcrumb"},"inLanguage":"en-US","potentialAction":[{"@type":"ReadAction","target":["https:\/\/capsuchitoto.org\/dona\/"]}]},{"@type":"BreadcrumbList","@id":"https:\/\/capsuchitoto.org\/dona\/#breadcrumb","itemListElement":[{"@type":"ListItem","position":1,"name":"Portada","item":"https:\/\/capsuchitoto.org\/"},{"@type":"ListItem","position":2,"name":"Dona y aporta a la cultura de paz"}]},{"@type":"WebSite","@id":"https:\/\/capsuchitoto.org\/#website","url":"https:\/\/capsuchitoto.org\/","name":"Centro Arte para la Paz - Suchitoto","description":"Promovemos la cultura de paz por medio de las artes","publisher":{"@id":"https:\/\/capsuchitoto.org\/#organization"},"potentialAction":[{"@type":"SearchAction","target":{"@type":"EntryPoint","urlTemplate":"https:\/\/capsuchitoto.org\/?s={search_term_string}"},"query-input":{"@type":"PropertyValueSpecification","valueRequired":true,"valueName":"search_term_string"}}],"inLanguage":"en-US"},{"@type":"Organization","@id":"https:\/\/capsuchitoto.org\/#organization","name":"Centro Arte para la Paz - Suchitoto","url":"https:\/\/capsuchitoto.org\/","logo":{"@type":"ImageObject","inLanguage":"en-US","@id":"https:\/\/capsuchitoto.org\/#\/schema\/logo\/image\/","url":"https:\/\/capsuchitoto.org\/wp-content\/uploads\/2022\/10\/logoWEBleyendahorizontal.gif","contentUrl":"https:\/\/capsuchitoto.org\/wp-content\/uploads\/2022\/10\/logoWEBleyendahorizontal.gif","width":518,"height":215,"caption":"Centro Arte para la Paz - Suchitoto"},"image":{"@id":"https:\/\/capsuchitoto.org\/#\/schema\/logo\/image\/"},"sameAs":["https:\/\/www.facebook.com\/CentroArteparalaPaz","https:\/\/www.instagram.com\/centroarteparalapaz\/","https:\/\/www.linkedin.com\/company\/centro-arte-para-paz\/posts\/?feedView=all"]}]}},"_links":{"self":[{"href":"https:\/\/capsuchitoto.org\/eng\/wp-json\/wp\/v2\/pages\/16167","targetHints":{"allow":["GET"]}}],"collection":[{"href":"https:\/\/capsuchitoto.org\/eng\/wp-json\/wp\/v2\/pages"}],"about":[{"href":"https:\/\/capsuchitoto.org\/eng\/wp-json\/wp\/v2\/types\/page"}],"author":[{"embeddable":true,"href":"https:\/\/capsuchitoto.org\/eng\/wp-json\/wp\/v2\/users\/1"}],"replies":[{"embeddable":true,"href":"https:\/\/capsuchitoto.org\/eng\/wp-json\/wp\/v2\/comments?post=16167"}],"version-history":[{"count":0,"href":"https:\/\/capsuchitoto.org\/eng\/wp-json\/wp\/v2\/pages\/16167\/revisions"}],"wp:attachment":[{"href":"https:\/\/capsuchitoto.org\/eng\/wp-json\/wp\/v2\/media?parent=16167"}],"curies":[{"name":"wp","href":"https:\/\/api.w.org\/{rel}","templated":true}]}}