{"id":14599,"date":"2023-02-17T17:28:33","date_gmt":"2023-02-17T17:28:33","guid":{"rendered":"https:\/\/capsuchitoto.org\/?page_id=14599"},"modified":"2023-06-28T11:20:43","modified_gmt":"2023-06-28T17:20:43","slug":"exposicion-4-album-familiar","status":"publish","type":"page","link":"https:\/\/capsuchitoto.org\/eng\/museo-comunitario-la-memoria-vive\/exposicion-4-album-familiar\/","title":{"rendered":"Exposici\u00f3n 4. \u00c1lbum familiar"},"content":{"rendered":"<div data-elementor-type=\"wp-page\" data-elementor-id=\"14599\" class=\"elementor elementor-14599\">\n\t\t\t\t\t\t<section class=\"elementor-section elementor-top-section elementor-element elementor-element-49761cb elementor-section-boxed elementor-section-height-default elementor-section-height-default\" data-id=\"49761cb\" data-element_type=\"section\" data-e-type=\"section\">\n\t\t\t\t\t\t<div class=\"elementor-container elementor-column-gap-default\">\n\t\t\t\t\t<div class=\"elementor-column elementor-col-100 elementor-top-column elementor-element elementor-element-a9d9b07\" data-id=\"a9d9b07\" data-element_type=\"column\" data-e-type=\"column\">\n\t\t\t<div class=\"elementor-widget-wrap\">\n\t\t\t\t\t\t\t<\/div>\n\t\t<\/div>\n\t\t\t\t\t<\/div>\n\t\t<\/section>\n\t\t\t\t<section class=\"elementor-section elementor-top-section elementor-element elementor-element-2f6c74cb elementor-section-stretched elementor-section-full_width elementor-section-height-min-height elementor-reverse-tablet elementor-section-height-default elementor-section-items-middle\" data-id=\"2f6c74cb\" data-element_type=\"section\" data-e-type=\"section\" data-settings=\"{&quot;stretch_section&quot;:&quot;section-stretched&quot;,&quot;background_background&quot;:&quot;classic&quot;}\">\n\t\t\t\t\t\t<div class=\"elementor-container elementor-column-gap-wider\">\n\t\t\t\t\t<div class=\"elementor-column elementor-col-50 elementor-top-column elementor-element elementor-element-60a6def1\" data-id=\"60a6def1\" data-element_type=\"column\" data-e-type=\"column\" data-settings=\"{&quot;animation&quot;:&quot;none&quot;,&quot;background_background&quot;:&quot;classic&quot;}\">\n\t\t\t<div class=\"elementor-widget-wrap elementor-element-populated\">\n\t\t\t\t\t\t<div class=\"elementor-element elementor-element-fb6d10a elementor-widget elementor-widget-image\" data-id=\"fb6d10a\" data-element_type=\"widget\" data-e-type=\"widget\" data-widget_type=\"image.default\">\n\t\t\t\t\t\t\t\t\t\t\t\t\t\t\t<img fetchpriority=\"high\" decoding=\"async\" width=\"800\" height=\"478\" src=\"data:image\/gif;base64,R0lGODlhAQABAIAAAAAAAP\/\/\/yH5BAEAAAAALAAAAAABAAEAAAIBRAA7\" data-src=\"https:\/\/capsuchitoto.org\/wp-content\/uploads\/2023\/02\/expo_4_CAP_album_familiar_museo1-1-2024x1209.jpg\" class=\"attachment-large size-large wp-image-14973 lazyload\" alt=\"\" data-srcset=\"https:\/\/capsuchitoto.org\/wp-content\/uploads\/2023\/02\/expo_4_CAP_album_familiar_museo1-1-2024x1209.jpg 2024w, https:\/\/capsuchitoto.org\/wp-content\/uploads\/2023\/02\/expo_4_CAP_album_familiar_museo1-1-180x108.jpg 180w, https:\/\/capsuchitoto.org\/wp-content\/uploads\/2023\/02\/expo_4_CAP_album_familiar_museo1-1-768x459.jpg 768w, https:\/\/capsuchitoto.org\/wp-content\/uploads\/2023\/02\/expo_4_CAP_album_familiar_museo1-1-1536x918.jpg 1536w, https:\/\/capsuchitoto.org\/wp-content\/uploads\/2023\/02\/expo_4_CAP_album_familiar_museo1-1-2048x1223.jpg 2048w\" sizes=\"(max-width: 800px) 100vw, 800px\" \/><noscript><img decoding=\"async\" width=\"800\" height=\"478\" src=\"https:\/\/capsuchitoto.org\/wp-content\/uploads\/2023\/02\/expo_4_CAP_album_familiar_museo1-1-2024x1209.jpg\" class=\"attachment-large size-large wp-image-14973 lazyload\" alt=\"\" srcset=\"https:\/\/capsuchitoto.org\/wp-content\/uploads\/2023\/02\/expo_4_CAP_album_familiar_museo1-1-2024x1209.jpg 2024w, https:\/\/capsuchitoto.org\/wp-content\/uploads\/2023\/02\/expo_4_CAP_album_familiar_museo1-1-180x108.jpg 180w, https:\/\/capsuchitoto.org\/wp-content\/uploads\/2023\/02\/expo_4_CAP_album_familiar_museo1-1-768x459.jpg 768w, https:\/\/capsuchitoto.org\/wp-content\/uploads\/2023\/02\/expo_4_CAP_album_familiar_museo1-1-1536x918.jpg 1536w, https:\/\/capsuchitoto.org\/wp-content\/uploads\/2023\/02\/expo_4_CAP_album_familiar_museo1-1-2048x1223.jpg 2048w\" sizes=\"(max-width: 800px) 100vw, 800px\" \/><\/noscript>\t\t\t\t\t\t\t\t\t\t\t\t\t\t\t<\/div>\n\t\t\t\t\t<\/div>\n\t\t<\/div>\n\t\t\t\t<div class=\"elementor-column elementor-col-50 elementor-top-column elementor-element elementor-element-3f60aa7e\" data-id=\"3f60aa7e\" data-element_type=\"column\" data-e-type=\"column\" data-settings=\"{&quot;animation&quot;:&quot;none&quot;,&quot;background_background&quot;:&quot;classic&quot;}\">\n\t\t\t<div class=\"elementor-widget-wrap elementor-element-populated\">\n\t\t\t\t\t\t<div class=\"elementor-element elementor-element-4eac8b64 elementor-widget elementor-widget-text-editor\" data-id=\"4eac8b64\" data-element_type=\"widget\" data-e-type=\"widget\" data-widget_type=\"text-editor.default\">\n\t\t\t\t\t\t\t\t\t<h2><span style=\"color: #ffffff;\">Family Photo Album<\/span><\/h2>\t\t\t\t\t\t\t\t<\/div>\n\t\t\t\t<div class=\"elementor-element elementor-element-1d5f2d9 elementor-widget elementor-widget-text-editor\" data-id=\"1d5f2d9\" data-element_type=\"widget\" data-e-type=\"widget\" data-widget_type=\"text-editor.default\">\n\t\t\t\t\t\t\t\t\t<p style=\"text-align: right;\"><strong><span style=\"color: #ffffff;\">2013 &#8211; 2014<\/span><\/strong><\/p>\t\t\t\t\t\t\t\t<\/div>\n\t\t\t\t\t<\/div>\n\t\t<\/div>\n\t\t\t\t\t<\/div>\n\t\t<\/section>\n\t\t\t\t<section class=\"elementor-section elementor-top-section elementor-element elementor-element-ddcaeeb elementor-section-boxed elementor-section-height-default elementor-section-height-default\" data-id=\"ddcaeeb\" data-element_type=\"section\" data-e-type=\"section\">\n\t\t\t\t\t\t<div class=\"elementor-container elementor-column-gap-default\">\n\t\t\t\t\t<div class=\"elementor-column elementor-col-100 elementor-top-column elementor-element elementor-element-0c728cd\" data-id=\"0c728cd\" data-element_type=\"column\" data-e-type=\"column\">\n\t\t\t<div class=\"elementor-widget-wrap elementor-element-populated\">\n\t\t\t\t\t\t<div class=\"elementor-element elementor-element-60f55df elementor-widget elementor-widget-text-editor\" data-id=\"60f55df\" data-element_type=\"widget\" data-e-type=\"widget\" data-widget_type=\"text-editor.default\">\n\t\t\t\t\t\t\t\t\t<h3><strong><span style=\"color: #fb7f00;\">\u00a0 <\/span><\/strong><\/h3><h2><span style=\"color: #942a69;\"><strong>Fourth exhibition:<\/strong><\/span><\/h2>\t\t\t\t\t\t\t\t<\/div>\n\t\t\t\t\t<\/div>\n\t\t<\/div>\n\t\t\t\t\t<\/div>\n\t\t<\/section>\n\t\t\t\t<section class=\"elementor-section elementor-top-section elementor-element elementor-element-f1bc580 elementor-section-boxed elementor-section-height-default elementor-section-height-default\" data-id=\"f1bc580\" data-element_type=\"section\" data-e-type=\"section\">\n\t\t\t\t\t\t<div class=\"elementor-container elementor-column-gap-default\">\n\t\t\t\t\t<div class=\"elementor-column elementor-col-50 elementor-top-column elementor-element elementor-element-29fa998\" data-id=\"29fa998\" data-element_type=\"column\" data-e-type=\"column\">\n\t\t\t<div class=\"elementor-widget-wrap elementor-element-populated\">\n\t\t\t\t\t\t<div class=\"elementor-element elementor-element-a7b8aba elementor-widget elementor-widget-text-editor\" data-id=\"a7b8aba\" data-element_type=\"widget\" data-e-type=\"widget\" data-widget_type=\"text-editor.default\">\n\t\t\t\t\t\t\t\t\t<p>With the purpose of rescuing and promoting historical memory in Suchitoto, Centro Arte para la Paz, through La Memoria Vive Community Museum, presents the exhibition \"Family Album of Suchitoto\"<\/p><p>The CAP invites all the inhabitants to be part of this exhibition, bringing images, stories, testimonies or old photographic objects that they keep in their homes and that represent an important value for them, to transmit the history of a reality from one generation to the following, and preserve and communicate various versions of family history.\u00a0<\/p>\t\t\t\t\t\t\t\t<\/div>\n\t\t\t\t\t<\/div>\n\t\t<\/div>\n\t\t\t\t<div class=\"elementor-column elementor-col-50 elementor-top-column elementor-element elementor-element-544f22c\" data-id=\"544f22c\" data-element_type=\"column\" data-e-type=\"column\">\n\t\t\t<div class=\"elementor-widget-wrap elementor-element-populated\">\n\t\t\t\t\t\t<div class=\"elementor-element elementor-element-29c5825 elementor-widget elementor-widget-image\" data-id=\"29c5825\" data-element_type=\"widget\" data-e-type=\"widget\" data-widget_type=\"image.default\">\n\t\t\t\t\t\t\t\t\t\t\t\t\t\t\t<img decoding=\"async\" width=\"800\" height=\"613\" src=\"data:image\/gif;base64,R0lGODlhAQABAIAAAAAAAP\/\/\/yH5BAEAAAAALAAAAAABAAEAAAIBRAA7\" data-src=\"https:\/\/capsuchitoto.org\/wp-content\/uploads\/2023\/02\/expo_4_CAP_album_familiar_museo4-2024x1550.jpg\" class=\"attachment-large size-large wp-image-14651 lazyload\" alt=\"\" data-srcset=\"https:\/\/capsuchitoto.org\/wp-content\/uploads\/2023\/02\/expo_4_CAP_album_familiar_museo4-2024x1550.jpg 2024w, https:\/\/capsuchitoto.org\/wp-content\/uploads\/2023\/02\/expo_4_CAP_album_familiar_museo4-180x138.jpg 180w, https:\/\/capsuchitoto.org\/wp-content\/uploads\/2023\/02\/expo_4_CAP_album_familiar_museo4-768x588.jpg 768w, https:\/\/capsuchitoto.org\/wp-content\/uploads\/2023\/02\/expo_4_CAP_album_familiar_museo4-1536x1176.jpg 1536w, https:\/\/capsuchitoto.org\/wp-content\/uploads\/2023\/02\/expo_4_CAP_album_familiar_museo4-2048x1568.jpg 2048w\" sizes=\"(max-width: 800px) 100vw, 800px\" \/><noscript><img loading=\"lazy\" decoding=\"async\" width=\"800\" height=\"613\" src=\"https:\/\/capsuchitoto.org\/wp-content\/uploads\/2023\/02\/expo_4_CAP_album_familiar_museo4-2024x1550.jpg\" class=\"attachment-large size-large wp-image-14651 lazyload\" alt=\"\" srcset=\"https:\/\/capsuchitoto.org\/wp-content\/uploads\/2023\/02\/expo_4_CAP_album_familiar_museo4-2024x1550.jpg 2024w, https:\/\/capsuchitoto.org\/wp-content\/uploads\/2023\/02\/expo_4_CAP_album_familiar_museo4-180x138.jpg 180w, https:\/\/capsuchitoto.org\/wp-content\/uploads\/2023\/02\/expo_4_CAP_album_familiar_museo4-768x588.jpg 768w, https:\/\/capsuchitoto.org\/wp-content\/uploads\/2023\/02\/expo_4_CAP_album_familiar_museo4-1536x1176.jpg 1536w, https:\/\/capsuchitoto.org\/wp-content\/uploads\/2023\/02\/expo_4_CAP_album_familiar_museo4-2048x1568.jpg 2048w\" sizes=\"(max-width: 800px) 100vw, 800px\" \/><\/noscript>\t\t\t\t\t\t\t\t\t\t\t\t\t\t\t<\/div>\n\t\t\t\t\t<\/div>\n\t\t<\/div>\n\t\t\t\t\t<\/div>\n\t\t<\/section>\n\t\t\t\t<section class=\"elementor-section elementor-top-section elementor-element elementor-element-898ce35 elementor-section-boxed elementor-section-height-default elementor-section-height-default\" data-id=\"898ce35\" data-element_type=\"section\" data-e-type=\"section\">\n\t\t\t\t\t\t<div class=\"elementor-container elementor-column-gap-wider\">\n\t\t\t\t\t<div class=\"elementor-column elementor-col-100 elementor-top-column elementor-element elementor-element-ab335de\" data-id=\"ab335de\" data-element_type=\"column\" data-e-type=\"column\">\n\t\t\t<div class=\"elementor-widget-wrap elementor-element-populated\">\n\t\t\t\t\t\t<div class=\"elementor-element elementor-element-3da31ea elementor-widget elementor-widget-image\" data-id=\"3da31ea\" data-element_type=\"widget\" data-e-type=\"widget\" data-widget_type=\"image.default\">\n\t\t\t\t\t\t\t\t\t\t\t\t\t\t\t<img loading=\"lazy\" decoding=\"async\" width=\"800\" height=\"341\" src=\"data:image\/gif;base64,R0lGODlhAQABAIAAAAAAAP\/\/\/yH5BAEAAAAALAAAAAABAAEAAAIBRAA7\" data-src=\"https:\/\/capsuchitoto.org\/wp-content\/uploads\/2023\/02\/expo_CAP_suchitoto_album_familiar_museo-2024x862.jpg\" class=\"attachment-large size-large wp-image-14601 lazyload\" alt=\"\" data-srcset=\"https:\/\/capsuchitoto.org\/wp-content\/uploads\/2023\/02\/expo_CAP_suchitoto_album_familiar_museo-2024x862.jpg 2024w, https:\/\/capsuchitoto.org\/wp-content\/uploads\/2023\/02\/expo_CAP_suchitoto_album_familiar_museo-180x77.jpg 180w, https:\/\/capsuchitoto.org\/wp-content\/uploads\/2023\/02\/expo_CAP_suchitoto_album_familiar_museo-768x327.jpg 768w, https:\/\/capsuchitoto.org\/wp-content\/uploads\/2023\/02\/expo_CAP_suchitoto_album_familiar_museo-1536x654.jpg 1536w, https:\/\/capsuchitoto.org\/wp-content\/uploads\/2023\/02\/expo_CAP_suchitoto_album_familiar_museo-2048x872.jpg 2048w\" sizes=\"(max-width: 800px) 100vw, 800px\" \/><noscript><img loading=\"lazy\" decoding=\"async\" width=\"800\" height=\"341\" src=\"https:\/\/capsuchitoto.org\/wp-content\/uploads\/2023\/02\/expo_CAP_suchitoto_album_familiar_museo-2024x862.jpg\" class=\"attachment-large size-large wp-image-14601 lazyload\" alt=\"\" srcset=\"https:\/\/capsuchitoto.org\/wp-content\/uploads\/2023\/02\/expo_CAP_suchitoto_album_familiar_museo-2024x862.jpg 2024w, https:\/\/capsuchitoto.org\/wp-content\/uploads\/2023\/02\/expo_CAP_suchitoto_album_familiar_museo-180x77.jpg 180w, https:\/\/capsuchitoto.org\/wp-content\/uploads\/2023\/02\/expo_CAP_suchitoto_album_familiar_museo-768x327.jpg 768w, https:\/\/capsuchitoto.org\/wp-content\/uploads\/2023\/02\/expo_CAP_suchitoto_album_familiar_museo-1536x654.jpg 1536w, https:\/\/capsuchitoto.org\/wp-content\/uploads\/2023\/02\/expo_CAP_suchitoto_album_familiar_museo-2048x872.jpg 2048w\" sizes=\"(max-width: 800px) 100vw, 800px\" \/><\/noscript>\t\t\t\t\t\t\t\t\t\t\t\t\t\t\t<\/div>\n\t\t\t\t\t<\/div>\n\t\t<\/div>\n\t\t\t\t\t<\/div>\n\t\t<\/section>\n\t\t\t\t<section class=\"elementor-section elementor-top-section elementor-element elementor-element-90ff649 elementor-section-content-middle elementor-section-boxed elementor-section-height-default elementor-section-height-default\" data-id=\"90ff649\" data-element_type=\"section\" data-e-type=\"section\">\n\t\t\t\t\t\t<div class=\"elementor-container elementor-column-gap-default\">\n\t\t\t\t\t<div class=\"elementor-column elementor-col-100 elementor-top-column elementor-element elementor-element-c21f9e5\" data-id=\"c21f9e5\" data-element_type=\"column\" data-e-type=\"column\">\n\t\t\t<div class=\"elementor-widget-wrap elementor-element-populated\">\n\t\t\t\t\t\t<div class=\"elementor-element elementor-element-980d833 elementor-widget elementor-widget-video\" data-id=\"980d833\" data-element_type=\"widget\" data-e-type=\"widget\" data-settings=\"{&quot;youtube_url&quot;:&quot;https:\\\/\\\/www.youtube.com\\\/watch?v=Tf8En0mfGRo&quot;,&quot;video_type&quot;:&quot;youtube&quot;,&quot;controls&quot;:&quot;yes&quot;}\" data-widget_type=\"video.default\">\n\t\t\t\t\t\t\t<div class=\"elementor-wrapper elementor-open-inline\">\n\t\t\t<div class=\"elementor-video\"><\/div>\t\t<\/div>\n\t\t\t\t\t\t<\/div>\n\t\t\t\t\t<\/div>\n\t\t<\/div>\n\t\t\t\t\t<\/div>\n\t\t<\/section>\n\t\t\t\t<\/div>","protected":false},"excerpt":{"rendered":"<p>\u00c1lbum familiar 2013 &#8211; 2014 \u00a0 Cuarta exposici\u00f3n: Con el&hellip;<\/p>\n<p> <a class=\"more-link\" href=\"https:\/\/capsuchitoto.org\/eng\/museo-comunitario-la-memoria-vive\/exposicion-4-album-familiar\/\">Read more<\/a><\/p>","protected":false},"author":1,"featured_media":0,"parent":6484,"menu_order":1,"comment_status":"closed","ping_status":"closed","template":"elementor_header_footer","meta":{"footnotes":""},"class_list":["post-14599","page","type-page","status-publish"],"yoast_head":"<!-- This site is optimized with the Yoast SEO plugin v27.4 - https:\/\/yoast.com\/product\/yoast-seo-wordpress\/ -->\n<title>Exposici\u00f3n 4. \u00c1lbum familiar - Centro Arte para la Paz - Suchitoto<\/title>\n<meta name=\"robots\" content=\"index, follow, max-snippet:-1, max-image-preview:large, max-video-preview:-1\" \/>\n<link rel=\"canonical\" href=\"https:\/\/capsuchitoto.org\/eng\/museo-comunitario-la-memoria-vive\/exposicion-4-album-familiar\/\" \/>\n<meta property=\"og:locale\" content=\"en_US\" \/>\n<meta property=\"og:type\" content=\"article\" \/>\n<meta property=\"og:title\" content=\"Exposici\u00f3n 4. \u00c1lbum familiar - Centro Arte para la Paz - Suchitoto\" \/>\n<meta property=\"og:description\" content=\"\u00c1lbum familiar 2013 &#8211; 2014 \u00a0 Cuarta exposici\u00f3n: Con el&hellip;  Read more\" \/>\n<meta property=\"og:url\" content=\"https:\/\/capsuchitoto.org\/eng\/museo-comunitario-la-memoria-vive\/exposicion-4-album-familiar\/\" \/>\n<meta property=\"og:site_name\" content=\"Centro Arte para la Paz - Suchitoto\" \/>\n<meta property=\"article:publisher\" content=\"https:\/\/www.facebook.com\/CentroArteparalaPaz\" \/>\n<meta property=\"article:modified_time\" content=\"2023-06-28T17:20:43+00:00\" \/>\n<meta property=\"og:image\" content=\"https:\/\/capsuchitoto.org\/wp-content\/uploads\/2023\/02\/expo_4_CAP_album_familiar_museo1-1-2024x1209.jpg\" \/>\n<meta name=\"twitter:card\" content=\"summary_large_image\" \/>\n<meta name=\"twitter:label1\" content=\"Est. reading time\" \/>\n\t<meta name=\"twitter:data1\" content=\"1 minute\" \/>\n<script type=\"application\/ld+json\" class=\"yoast-schema-graph\">{\"@context\":\"https:\\\/\\\/schema.org\",\"@graph\":[{\"@type\":\"WebPage\",\"@id\":\"https:\\\/\\\/capsuchitoto.org\\\/museo-comunitario-la-memoria-vive\\\/exposicion-4-album-familiar\\\/\",\"url\":\"https:\\\/\\\/capsuchitoto.org\\\/museo-comunitario-la-memoria-vive\\\/exposicion-4-album-familiar\\\/\",\"name\":\"Exposici\u00f3n 4. \u00c1lbum familiar - Centro Arte para la Paz - Suchitoto\",\"isPartOf\":{\"@id\":\"https:\\\/\\\/capsuchitoto.org\\\/#website\"},\"primaryImageOfPage\":{\"@id\":\"https:\\\/\\\/capsuchitoto.org\\\/museo-comunitario-la-memoria-vive\\\/exposicion-4-album-familiar\\\/#primaryimage\"},\"image\":{\"@id\":\"https:\\\/\\\/capsuchitoto.org\\\/museo-comunitario-la-memoria-vive\\\/exposicion-4-album-familiar\\\/#primaryimage\"},\"thumbnailUrl\":\"https:\\\/\\\/capsuchitoto.org\\\/wp-content\\\/uploads\\\/2023\\\/02\\\/expo_4_CAP_album_familiar_museo1-1-2024x1209.jpg\",\"datePublished\":\"2023-02-17T17:28:33+00:00\",\"dateModified\":\"2023-06-28T17:20:43+00:00\",\"breadcrumb\":{\"@id\":\"https:\\\/\\\/capsuchitoto.org\\\/museo-comunitario-la-memoria-vive\\\/exposicion-4-album-familiar\\\/#breadcrumb\"},\"inLanguage\":\"en-US\",\"potentialAction\":[{\"@type\":\"ReadAction\",\"target\":[\"https:\\\/\\\/capsuchitoto.org\\\/museo-comunitario-la-memoria-vive\\\/exposicion-4-album-familiar\\\/\"]}]},{\"@type\":\"ImageObject\",\"inLanguage\":\"en-US\",\"@id\":\"https:\\\/\\\/capsuchitoto.org\\\/museo-comunitario-la-memoria-vive\\\/exposicion-4-album-familiar\\\/#primaryimage\",\"url\":\"https:\\\/\\\/capsuchitoto.org\\\/wp-content\\\/uploads\\\/2023\\\/02\\\/expo_4_CAP_album_familiar_museo1-1-2024x1209.jpg\",\"contentUrl\":\"https:\\\/\\\/capsuchitoto.org\\\/wp-content\\\/uploads\\\/2023\\\/02\\\/expo_4_CAP_album_familiar_museo1-1-2024x1209.jpg\"},{\"@type\":\"BreadcrumbList\",\"@id\":\"https:\\\/\\\/capsuchitoto.org\\\/museo-comunitario-la-memoria-vive\\\/exposicion-4-album-familiar\\\/#breadcrumb\",\"itemListElement\":[{\"@type\":\"ListItem\",\"position\":1,\"name\":\"Portada\",\"item\":\"https:\\\/\\\/capsuchitoto.org\\\/\"},{\"@type\":\"ListItem\",\"position\":2,\"name\":\"Museo Comunitario: La Memoria Vive\",\"item\":\"https:\\\/\\\/capsuchitoto.org\\\/?page_id=6484\"},{\"@type\":\"ListItem\",\"position\":3,\"name\":\"Exposici\u00f3n 4. \u00c1lbum familiar\"}]},{\"@type\":\"WebSite\",\"@id\":\"https:\\\/\\\/capsuchitoto.org\\\/#website\",\"url\":\"https:\\\/\\\/capsuchitoto.org\\\/\",\"name\":\"Centro Arte para la Paz - Suchitoto\",\"description\":\"Promovemos la cultura de paz por medio de las artes\",\"publisher\":{\"@id\":\"https:\\\/\\\/capsuchitoto.org\\\/#organization\"},\"potentialAction\":[{\"@type\":\"SearchAction\",\"target\":{\"@type\":\"EntryPoint\",\"urlTemplate\":\"https:\\\/\\\/capsuchitoto.org\\\/?s={search_term_string}\"},\"query-input\":{\"@type\":\"PropertyValueSpecification\",\"valueRequired\":true,\"valueName\":\"search_term_string\"}}],\"inLanguage\":\"en-US\"},{\"@type\":\"Organization\",\"@id\":\"https:\\\/\\\/capsuchitoto.org\\\/#organization\",\"name\":\"Centro Arte para la Paz - Suchitoto\",\"url\":\"https:\\\/\\\/capsuchitoto.org\\\/\",\"logo\":{\"@type\":\"ImageObject\",\"inLanguage\":\"en-US\",\"@id\":\"https:\\\/\\\/capsuchitoto.org\\\/#\\\/schema\\\/logo\\\/image\\\/\",\"url\":\"https:\\\/\\\/capsuchitoto.org\\\/wp-content\\\/uploads\\\/2022\\\/10\\\/logoWEBleyendahorizontal.gif\",\"contentUrl\":\"https:\\\/\\\/capsuchitoto.org\\\/wp-content\\\/uploads\\\/2022\\\/10\\\/logoWEBleyendahorizontal.gif\",\"width\":518,\"height\":215,\"caption\":\"Centro Arte para la Paz - Suchitoto\"},\"image\":{\"@id\":\"https:\\\/\\\/capsuchitoto.org\\\/#\\\/schema\\\/logo\\\/image\\\/\"},\"sameAs\":[\"https:\\\/\\\/www.facebook.com\\\/CentroArteparalaPaz\",\"https:\\\/\\\/www.instagram.com\\\/centroarteparalapaz\\\/\",\"https:\\\/\\\/www.linkedin.com\\\/company\\\/centro-arte-para-paz\\\/posts\\\/?feedView=all\"]}]}<\/script>\n<!-- \/ Yoast SEO plugin. -->","yoast_head_json":{"title":"Exposici\u00f3n 4. \u00c1lbum familiar - Centro Arte para la Paz - Suchitoto","robots":{"index":"index","follow":"follow","max-snippet":"max-snippet:-1","max-image-preview":"max-image-preview:large","max-video-preview":"max-video-preview:-1"},"canonical":"https:\/\/capsuchitoto.org\/eng\/museo-comunitario-la-memoria-vive\/exposicion-4-album-familiar\/","og_locale":"en_US","og_type":"article","og_title":"Exposici\u00f3n 4. \u00c1lbum familiar - Centro Arte para la Paz - Suchitoto","og_description":"\u00c1lbum familiar 2013 &#8211; 2014 \u00a0 Cuarta exposici\u00f3n: Con el&hellip;  Read more","og_url":"https:\/\/capsuchitoto.org\/eng\/museo-comunitario-la-memoria-vive\/exposicion-4-album-familiar\/","og_site_name":"Centro Arte para la Paz - Suchitoto","article_publisher":"https:\/\/www.facebook.com\/CentroArteparalaPaz","article_modified_time":"2023-06-28T17:20:43+00:00","og_image":[{"url":"https:\/\/capsuchitoto.org\/wp-content\/uploads\/2023\/02\/expo_4_CAP_album_familiar_museo1-1-2024x1209.jpg","type":"","width":"","height":""}],"twitter_card":"summary_large_image","twitter_misc":{"Est. reading time":"1 minute"},"schema":{"@context":"https:\/\/schema.org","@graph":[{"@type":"WebPage","@id":"https:\/\/capsuchitoto.org\/museo-comunitario-la-memoria-vive\/exposicion-4-album-familiar\/","url":"https:\/\/capsuchitoto.org\/museo-comunitario-la-memoria-vive\/exposicion-4-album-familiar\/","name":"Exposici\u00f3n 4. \u00c1lbum familiar - Centro Arte para la Paz - Suchitoto","isPartOf":{"@id":"https:\/\/capsuchitoto.org\/#website"},"primaryImageOfPage":{"@id":"https:\/\/capsuchitoto.org\/museo-comunitario-la-memoria-vive\/exposicion-4-album-familiar\/#primaryimage"},"image":{"@id":"https:\/\/capsuchitoto.org\/museo-comunitario-la-memoria-vive\/exposicion-4-album-familiar\/#primaryimage"},"thumbnailUrl":"https:\/\/capsuchitoto.org\/wp-content\/uploads\/2023\/02\/expo_4_CAP_album_familiar_museo1-1-2024x1209.jpg","datePublished":"2023-02-17T17:28:33+00:00","dateModified":"2023-06-28T17:20:43+00:00","breadcrumb":{"@id":"https:\/\/capsuchitoto.org\/museo-comunitario-la-memoria-vive\/exposicion-4-album-familiar\/#breadcrumb"},"inLanguage":"en-US","potentialAction":[{"@type":"ReadAction","target":["https:\/\/capsuchitoto.org\/museo-comunitario-la-memoria-vive\/exposicion-4-album-familiar\/"]}]},{"@type":"ImageObject","inLanguage":"en-US","@id":"https:\/\/capsuchitoto.org\/museo-comunitario-la-memoria-vive\/exposicion-4-album-familiar\/#primaryimage","url":"https:\/\/capsuchitoto.org\/wp-content\/uploads\/2023\/02\/expo_4_CAP_album_familiar_museo1-1-2024x1209.jpg","contentUrl":"https:\/\/capsuchitoto.org\/wp-content\/uploads\/2023\/02\/expo_4_CAP_album_familiar_museo1-1-2024x1209.jpg"},{"@type":"BreadcrumbList","@id":"https:\/\/capsuchitoto.org\/museo-comunitario-la-memoria-vive\/exposicion-4-album-familiar\/#breadcrumb","itemListElement":[{"@type":"ListItem","position":1,"name":"Portada","item":"https:\/\/capsuchitoto.org\/"},{"@type":"ListItem","position":2,"name":"Museo Comunitario: La Memoria Vive","item":"https:\/\/capsuchitoto.org\/?page_id=6484"},{"@type":"ListItem","position":3,"name":"Exposici\u00f3n 4. \u00c1lbum familiar"}]},{"@type":"WebSite","@id":"https:\/\/capsuchitoto.org\/#website","url":"https:\/\/capsuchitoto.org\/","name":"Centro Arte para la Paz - Suchitoto","description":"Promovemos la cultura de paz por medio de las artes","publisher":{"@id":"https:\/\/capsuchitoto.org\/#organization"},"potentialAction":[{"@type":"SearchAction","target":{"@type":"EntryPoint","urlTemplate":"https:\/\/capsuchitoto.org\/?s={search_term_string}"},"query-input":{"@type":"PropertyValueSpecification","valueRequired":true,"valueName":"search_term_string"}}],"inLanguage":"en-US"},{"@type":"Organization","@id":"https:\/\/capsuchitoto.org\/#organization","name":"Centro Arte para la Paz - Suchitoto","url":"https:\/\/capsuchitoto.org\/","logo":{"@type":"ImageObject","inLanguage":"en-US","@id":"https:\/\/capsuchitoto.org\/#\/schema\/logo\/image\/","url":"https:\/\/capsuchitoto.org\/wp-content\/uploads\/2022\/10\/logoWEBleyendahorizontal.gif","contentUrl":"https:\/\/capsuchitoto.org\/wp-content\/uploads\/2022\/10\/logoWEBleyendahorizontal.gif","width":518,"height":215,"caption":"Centro Arte para la Paz - Suchitoto"},"image":{"@id":"https:\/\/capsuchitoto.org\/#\/schema\/logo\/image\/"},"sameAs":["https:\/\/www.facebook.com\/CentroArteparalaPaz","https:\/\/www.instagram.com\/centroarteparalapaz\/","https:\/\/www.linkedin.com\/company\/centro-arte-para-paz\/posts\/?feedView=all"]}]}},"_links":{"self":[{"href":"https:\/\/capsuchitoto.org\/eng\/wp-json\/wp\/v2\/pages\/14599","targetHints":{"allow":["GET"]}}],"collection":[{"href":"https:\/\/capsuchitoto.org\/eng\/wp-json\/wp\/v2\/pages"}],"about":[{"href":"https:\/\/capsuchitoto.org\/eng\/wp-json\/wp\/v2\/types\/page"}],"author":[{"embeddable":true,"href":"https:\/\/capsuchitoto.org\/eng\/wp-json\/wp\/v2\/users\/1"}],"replies":[{"embeddable":true,"href":"https:\/\/capsuchitoto.org\/eng\/wp-json\/wp\/v2\/comments?post=14599"}],"version-history":[{"count":0,"href":"https:\/\/capsuchitoto.org\/eng\/wp-json\/wp\/v2\/pages\/14599\/revisions"}],"up":[{"embeddable":true,"href":"https:\/\/capsuchitoto.org\/eng\/wp-json\/wp\/v2\/pages\/6484"}],"wp:attachment":[{"href":"https:\/\/capsuchitoto.org\/eng\/wp-json\/wp\/v2\/media?parent=14599"}],"curies":[{"name":"wp","href":"https:\/\/api.w.org\/{rel}","templated":true}]}}